{"id":1735,"date":"2020-11-20T16:32:06","date_gmt":"2020-11-20T15:32:06","guid":{"rendered":"https:\/\/entrepreneursenegal.com\/?page_id=1735"},"modified":"2025-06-25T19:52:51","modified_gmt":"2025-06-25T18:52:51","slug":"nos-services2","status":"publish","type":"page","link":"https:\/\/entrepreneursenegal.com\/en\/nos-services2\/","title":{"rendered":"Nos services."},"content":{"rendered":"<div data-elementor-type=\"wp-page\" data-elementor-id=\"1735\" class=\"elementor elementor-1735\">\n\t\t\t\t\t\t<section class=\"elementor-section elementor-top-section elementor-element elementor-element-42831cf elementor-section-stretched elementor-section-height-min-height elementor-section-content-middle elementor-section-boxed elementor-section-height-default elementor-section-items-middle\" data-id=\"42831cf\" data-element_type=\"section\" data-e-type=\"section\" data-settings=\"{&quot;stretch_section&quot;:&quot;section-stretched&quot;,&quot;background_background&quot;:&quot;classic&quot;,&quot;animation&quot;:&quot;none&quot;}\">\n\t\t\t\t\t\t<div class=\"elementor-container elementor-column-gap-wider\">\n\t\t\t\t\t<div class=\"elementor-column elementor-col-100 elementor-top-column elementor-element elementor-element-2269908\" data-id=\"2269908\" data-element_type=\"column\" data-e-type=\"column\">\n\t\t\t<div class=\"elementor-widget-wrap elementor-element-populated\">\n\t\t\t\t\t\t<div class=\"elementor-element elementor-element-5d90627 elementor-widget elementor-widget-text-editor\" data-id=\"5d90627\" data-element_type=\"widget\" data-e-type=\"widget\" data-widget_type=\"text-editor.default\">\n\t\t\t\t<div class=\"elementor-widget-container\">\n\t\t\t\t\t\t\t\t\t<h1 style=\"color: #000;\"><span style=\"color: #e95b28;\">OUR SERVICES<\/span><\/h1><h3>THE RDE SUPPORTS COMPANIES<br \/>SINCE 2014<\/h3>\t\t\t\t\t\t\t\t<\/div>\n\t\t\t\t<\/div>\n\t\t\t\t\t<\/div>\n\t\t<\/div>\n\t\t\t\t\t<\/div>\n\t\t<\/section>\n\t\t\t\t<section class=\"elementor-section elementor-top-section elementor-element elementor-element-801812b elementor-section-boxed elementor-section-height-default elementor-section-height-default\" data-id=\"801812b\" data-element_type=\"section\" data-e-type=\"section\">\n\t\t\t\t\t\t<div class=\"elementor-container elementor-column-gap-default\">\n\t\t\t\t\t<div class=\"elementor-column elementor-col-100 elementor-top-column elementor-element elementor-element-fbf832a\" data-id=\"fbf832a\" data-element_type=\"column\" data-e-type=\"column\">\n\t\t\t<div class=\"elementor-widget-wrap elementor-element-populated\">\n\t\t\t\t\t\t<div class=\"elementor-element elementor-element-448ccc7 elementor-widget elementor-widget-spacer\" data-id=\"448ccc7\" data-element_type=\"widget\" data-e-type=\"widget\" data-widget_type=\"spacer.default\">\n\t\t\t\t<div class=\"elementor-widget-container\">\n\t\t\t\t\t\t\t<div class=\"elementor-spacer\">\n\t\t\t<div class=\"elementor-spacer-inner\"><\/div>\n\t\t<\/div>\n\t\t\t\t\t\t<\/div>\n\t\t\t\t<\/div>\n\t\t\t\t\t<\/div>\n\t\t<\/div>\n\t\t\t\t\t<\/div>\n\t\t<\/section>\n\t\t\t\t<section class=\"elementor-section elementor-top-section elementor-element elementor-element-33f45ee elementor-section-boxed elementor-section-height-default elementor-section-height-default\" data-id=\"33f45ee\" data-element_type=\"section\" data-e-type=\"section\" data-settings=\"{&quot;background_background&quot;:&quot;classic&quot;}\">\n\t\t\t\t\t\t<div class=\"elementor-container elementor-column-gap-default\">\n\t\t\t\t\t<div class=\"elementor-column elementor-col-33 elementor-top-column elementor-element elementor-element-89d1418\" data-id=\"89d1418\" data-element_type=\"column\" data-e-type=\"column\">\n\t\t\t<div class=\"elementor-widget-wrap elementor-element-populated\">\n\t\t\t\t\t\t<div class=\"elementor-element elementor-element-ecaa8e7 elementor-view-default elementor-widget elementor-widget-icon\" data-id=\"ecaa8e7\" data-element_type=\"widget\" data-e-type=\"widget\" data-widget_type=\"icon.default\">\n\t\t\t\t<div class=\"elementor-widget-container\">\n\t\t\t\t\t\t\t<div class=\"elementor-icon-wrapper\">\n\t\t\t<div class=\"elementor-icon\">\n\t\t\t<svg xmlns=\"http:\/\/www.w3.org\/2000\/svg\" id=\"Layer_1\" data-name=\"Layer 1\" viewbox=\"0 0 512 512\"><title>text-to-peech-reading-speed-fast<\/title><path d=\"M170.53,252.46l-162-162A5,5,0,0,0,0,94v77.84a5,5,0,0,0,1.47,3.54L82.08,256,1.47,336.61A5,5,0,0,0,0,340.15V418a5,5,0,0,0,8.54,3.53l162-162A5,5,0,0,0,170.53,252.46Z\"><\/path><path d=\"M340.53,252.46l-162-162A5,5,0,0,0,170,94v77.84a5,5,0,0,0,1.47,3.54L252.08,256l-80.61,80.61a5,5,0,0,0-1.46,3.54V418a5,5,0,0,0,8.54,3.53l162-162A5,5,0,0,0,340.53,252.46Z\"><\/path><path d=\"M510.53,252.46l-162-162A5,5,0,0,0,340,94v77.84a5,5,0,0,0,1.47,3.54L422.08,256l-80.61,80.61a5,5,0,0,0-1.46,3.54V418a5,5,0,0,0,8.54,3.53l162-162A5,5,0,0,0,510.53,252.46Z\"><\/path><\/svg>\t\t\t<\/div>\n\t\t<\/div>\n\t\t\t\t\t\t<\/div>\n\t\t\t\t<\/div>\n\t\t\t\t\t<\/div>\n\t\t<\/div>\n\t\t\t\t<div class=\"elementor-column elementor-col-66 elementor-top-column elementor-element elementor-element-fe2c44e\" data-id=\"fe2c44e\" data-element_type=\"column\" data-e-type=\"column\" data-settings=\"{&quot;background_background&quot;:&quot;classic&quot;}\">\n\t\t\t<div class=\"elementor-widget-wrap elementor-element-populated\">\n\t\t\t\t\t\t<div class=\"elementor-element elementor-element-8ea96ee elementor-widget elementor-widget-text-editor\" data-id=\"8ea96ee\" data-element_type=\"widget\" data-e-type=\"widget\" data-widget_type=\"text-editor.default\">\n\t\t\t\t<div class=\"elementor-widget-container\">\n\t\t\t\t\t\t\t\t\t<h3 style=\"text-align: center;\">OPERATING TEAM<\/h3>\t\t\t\t\t\t\t\t<\/div>\n\t\t\t\t<\/div>\n\t\t\t\t<div class=\"elementor-element elementor-element-1189805 elementor-align-center elementor-widget elementor-widget-button\" data-id=\"1189805\" data-element_type=\"widget\" data-e-type=\"widget\" data-widget_type=\"button.default\">\n\t\t\t\t<div class=\"elementor-widget-container\">\n\t\t\t\t\t\t\t\t\t<div class=\"elementor-button-wrapper\">\n\t\t\t\t\t<a class=\"elementor-button elementor-button-link elementor-size-sm\" href=\"https:\/\/entrepreneursenegal.com\/en\/acceleration\/\">\n\t\t\t\t\t\t<span class=\"elementor-button-content-wrapper\">\n\t\t\t\t\t\t\t\t\t<span class=\"elementor-button-text\">Discover <\/span>\n\t\t\t\t\t<\/span>\n\t\t\t\t\t<\/a>\n\t\t\t\t<\/div>\n\t\t\t\t\t\t\t\t<\/div>\n\t\t\t\t<\/div>\n\t\t\t\t\t<\/div>\n\t\t<\/div>\n\t\t\t\t\t<\/div>\n\t\t<\/section>\n\t\t\t\t<section class=\"elementor-section elementor-top-section elementor-element elementor-element-07fa91e elementor-section-boxed elementor-section-height-default elementor-section-height-default\" data-id=\"07fa91e\" data-element_type=\"section\" data-e-type=\"section\">\n\t\t\t\t\t\t<div class=\"elementor-container elementor-column-gap-default\">\n\t\t\t\t\t<div class=\"elementor-column elementor-col-100 elementor-top-column elementor-element elementor-element-c420ae0\" data-id=\"c420ae0\" data-element_type=\"column\" data-e-type=\"column\">\n\t\t\t<div class=\"elementor-widget-wrap elementor-element-populated\">\n\t\t\t\t\t\t<div class=\"elementor-element elementor-element-892b548 elementor-widget elementor-widget-spacer\" data-id=\"892b548\" data-element_type=\"widget\" data-e-type=\"widget\" data-widget_type=\"spacer.default\">\n\t\t\t\t<div class=\"elementor-widget-container\">\n\t\t\t\t\t\t\t<div class=\"elementor-spacer\">\n\t\t\t<div class=\"elementor-spacer-inner\"><\/div>\n\t\t<\/div>\n\t\t\t\t\t\t<\/div>\n\t\t\t\t<\/div>\n\t\t\t\t\t<\/div>\n\t\t<\/div>\n\t\t\t\t\t<\/div>\n\t\t<\/section>\n\t\t\t\t<section class=\"elementor-section elementor-top-section elementor-element elementor-element-5c66f99 elementor-section-boxed elementor-section-height-default elementor-section-height-default\" data-id=\"5c66f99\" data-element_type=\"section\" data-e-type=\"section\" data-settings=\"{&quot;background_background&quot;:&quot;classic&quot;}\">\n\t\t\t\t\t\t<div class=\"elementor-container elementor-column-gap-default\">\n\t\t\t\t\t<div class=\"elementor-column elementor-col-33 elementor-top-column elementor-element elementor-element-39ea536\" data-id=\"39ea536\" data-element_type=\"column\" data-e-type=\"column\">\n\t\t\t<div class=\"elementor-widget-wrap elementor-element-populated\">\n\t\t\t\t\t\t<div class=\"elementor-element elementor-element-8b042bd elementor-view-default elementor-widget elementor-widget-icon\" data-id=\"8b042bd\" data-element_type=\"widget\" data-e-type=\"widget\" data-widget_type=\"icon.default\">\n\t\t\t\t<div class=\"elementor-widget-container\">\n\t\t\t\t\t\t\t<div class=\"elementor-icon-wrapper\">\n\t\t\t<div class=\"elementor-icon\">\n\t\t\t<i aria-hidden=\"true\" class=\"far fa-comments\"><\/i>\t\t\t<\/div>\n\t\t<\/div>\n\t\t\t\t\t\t<\/div>\n\t\t\t\t<\/div>\n\t\t\t\t\t<\/div>\n\t\t<\/div>\n\t\t\t\t<div class=\"elementor-column elementor-col-66 elementor-top-column elementor-element elementor-element-d4f8c8c\" data-id=\"d4f8c8c\" data-element_type=\"column\" data-e-type=\"column\" data-settings=\"{&quot;background_background&quot;:&quot;classic&quot;}\">\n\t\t\t<div class=\"elementor-widget-wrap elementor-element-populated\">\n\t\t\t\t\t\t<div class=\"elementor-element elementor-element-9186799 elementor-widget elementor-widget-text-editor\" data-id=\"9186799\" data-element_type=\"widget\" data-e-type=\"widget\" data-widget_type=\"text-editor.default\">\n\t\t\t\t<div class=\"elementor-widget-container\">\n\t\t\t\t\t\t\t\t\t<h3 style=\"text-align: center;\"><b>ADVICE<\/b><\/h3>\t\t\t\t\t\t\t\t<\/div>\n\t\t\t\t<\/div>\n\t\t\t\t<div class=\"elementor-element elementor-element-2be1a4e elementor-align-center elementor-widget elementor-widget-button\" data-id=\"2be1a4e\" data-element_type=\"widget\" data-e-type=\"widget\" data-widget_type=\"button.default\">\n\t\t\t\t<div class=\"elementor-widget-container\">\n\t\t\t\t\t\t\t\t\t<div class=\"elementor-button-wrapper\">\n\t\t\t\t\t<a class=\"elementor-button elementor-button-link elementor-size-sm\" href=\"https:\/\/entrepreneursenegal.com\/en\/conseil\/\">\n\t\t\t\t\t\t<span class=\"elementor-button-content-wrapper\">\n\t\t\t\t\t\t\t\t\t<span class=\"elementor-button-text\">Discover<\/span>\n\t\t\t\t\t<\/span>\n\t\t\t\t\t<\/a>\n\t\t\t\t<\/div>\n\t\t\t\t\t\t\t\t<\/div>\n\t\t\t\t<\/div>\n\t\t\t\t\t<\/div>\n\t\t<\/div>\n\t\t\t\t\t<\/div>\n\t\t<\/section>\n\t\t\t\t<section class=\"elementor-section elementor-top-section elementor-element elementor-element-653ce3b elementor-section-boxed elementor-section-height-default elementor-section-height-default\" data-id=\"653ce3b\" data-element_type=\"section\" data-e-type=\"section\">\n\t\t\t\t\t\t<div class=\"elementor-container elementor-column-gap-default\">\n\t\t\t\t\t<div class=\"elementor-column elementor-col-100 elementor-top-column elementor-element elementor-element-cdbb413\" data-id=\"cdbb413\" data-element_type=\"column\" data-e-type=\"column\">\n\t\t\t<div class=\"elementor-widget-wrap elementor-element-populated\">\n\t\t\t\t\t\t<div class=\"elementor-element elementor-element-77c5265 elementor-widget elementor-widget-spacer\" data-id=\"77c5265\" data-element_type=\"widget\" data-e-type=\"widget\" data-widget_type=\"spacer.default\">\n\t\t\t\t<div class=\"elementor-widget-container\">\n\t\t\t\t\t\t\t<div class=\"elementor-spacer\">\n\t\t\t<div class=\"elementor-spacer-inner\"><\/div>\n\t\t<\/div>\n\t\t\t\t\t\t<\/div>\n\t\t\t\t<\/div>\n\t\t\t\t\t<\/div>\n\t\t<\/div>\n\t\t\t\t\t<\/div>\n\t\t<\/section>\n\t\t\t\t<section class=\"elementor-section elementor-top-section elementor-element elementor-element-4aff693 elementor-section-boxed elementor-section-height-default elementor-section-height-default\" data-id=\"4aff693\" data-element_type=\"section\" data-e-type=\"section\" data-settings=\"{&quot;background_background&quot;:&quot;classic&quot;}\">\n\t\t\t\t\t\t<div class=\"elementor-container elementor-column-gap-default\">\n\t\t\t\t\t<div class=\"elementor-column elementor-col-33 elementor-top-column elementor-element elementor-element-21454ac\" data-id=\"21454ac\" data-element_type=\"column\" data-e-type=\"column\">\n\t\t\t<div class=\"elementor-widget-wrap elementor-element-populated\">\n\t\t\t\t\t\t<div class=\"elementor-element elementor-element-9ba213e elementor-view-default elementor-widget elementor-widget-icon\" data-id=\"9ba213e\" data-element_type=\"widget\" data-e-type=\"widget\" data-widget_type=\"icon.default\">\n\t\t\t\t<div class=\"elementor-widget-container\">\n\t\t\t\t\t\t\t<div class=\"elementor-icon-wrapper\">\n\t\t\t<div class=\"elementor-icon\">\n\t\t\t<i aria-hidden=\"true\" class=\"fas fa-money-bill-wave\"><\/i>\t\t\t<\/div>\n\t\t<\/div>\n\t\t\t\t\t\t<\/div>\n\t\t\t\t<\/div>\n\t\t\t\t\t<\/div>\n\t\t<\/div>\n\t\t\t\t<div class=\"elementor-column elementor-col-66 elementor-top-column elementor-element elementor-element-f4d7fc9\" data-id=\"f4d7fc9\" data-element_type=\"column\" data-e-type=\"column\" data-settings=\"{&quot;background_background&quot;:&quot;classic&quot;}\">\n\t\t\t<div class=\"elementor-widget-wrap elementor-element-populated\">\n\t\t\t\t\t\t<div class=\"elementor-element elementor-element-3a7ce4a elementor-widget elementor-widget-text-editor\" data-id=\"3a7ce4a\" data-element_type=\"widget\" data-e-type=\"widget\" data-widget_type=\"text-editor.default\">\n\t\t\t\t<div class=\"elementor-widget-container\">\n\t\t\t\t\t\t\t\t\t<h3>Conception et ex\u00e9cution d\u2019un programme<\/h3>\t\t\t\t\t\t\t\t<\/div>\n\t\t\t\t<\/div>\n\t\t\t\t<div class=\"elementor-element elementor-element-4583bfd elementor-align-center elementor-widget elementor-widget-button\" data-id=\"4583bfd\" data-element_type=\"widget\" data-e-type=\"widget\" data-widget_type=\"button.default\">\n\t\t\t\t<div class=\"elementor-widget-container\">\n\t\t\t\t\t\t\t\t\t<div class=\"elementor-button-wrapper\">\n\t\t\t\t\t<a class=\"elementor-button elementor-button-link elementor-size-sm\" href=\"https:\/\/entrepreneursenegal.com\/en\/conception-et-execution-d-un-programme\/\">\n\t\t\t\t\t\t<span class=\"elementor-button-content-wrapper\">\n\t\t\t\t\t\t\t\t\t<span class=\"elementor-button-text\">Discover<\/span>\n\t\t\t\t\t<\/span>\n\t\t\t\t\t<\/a>\n\t\t\t\t<\/div>\n\t\t\t\t\t\t\t\t<\/div>\n\t\t\t\t<\/div>\n\t\t\t\t\t<\/div>\n\t\t<\/div>\n\t\t\t\t\t<\/div>\n\t\t<\/section>\n\t\t\t\t<section class=\"elementor-section elementor-top-section elementor-element elementor-element-7c66149 elementor-section-boxed elementor-section-height-default elementor-section-height-default\" data-id=\"7c66149\" data-element_type=\"section\" data-e-type=\"section\">\n\t\t\t\t\t\t<div class=\"elementor-container elementor-column-gap-default\">\n\t\t\t\t\t<div class=\"elementor-column elementor-col-100 elementor-top-column elementor-element elementor-element-3c3c623\" data-id=\"3c3c623\" data-element_type=\"column\" data-e-type=\"column\">\n\t\t\t<div class=\"elementor-widget-wrap elementor-element-populated\">\n\t\t\t\t\t\t<div class=\"elementor-element elementor-element-03877a8 elementor-widget elementor-widget-spacer\" data-id=\"03877a8\" data-element_type=\"widget\" data-e-type=\"widget\" data-widget_type=\"spacer.default\">\n\t\t\t\t<div class=\"elementor-widget-container\">\n\t\t\t\t\t\t\t<div class=\"elementor-spacer\">\n\t\t\t<div class=\"elementor-spacer-inner\"><\/div>\n\t\t<\/div>\n\t\t\t\t\t\t<\/div>\n\t\t\t\t<\/div>\n\t\t\t\t\t<\/div>\n\t\t<\/div>\n\t\t\t\t\t<\/div>\n\t\t<\/section>\n\t\t\t\t<section class=\"elementor-section elementor-top-section elementor-element elementor-element-d644abb elementor-section-boxed elementor-section-height-default elementor-section-height-default\" data-id=\"d644abb\" data-element_type=\"section\" data-e-type=\"section\">\n\t\t\t\t\t\t<div class=\"elementor-container elementor-column-gap-default\">\n\t\t\t\t\t<div class=\"elementor-column elementor-col-100 elementor-top-column elementor-element elementor-element-576d6d3\" data-id=\"576d6d3\" data-element_type=\"column\" data-e-type=\"column\">\n\t\t\t<div class=\"elementor-widget-wrap elementor-element-populated\">\n\t\t\t\t\t\t<div class=\"elementor-element elementor-element-34fd6d6 elementor-widget elementor-widget-spacer\" data-id=\"34fd6d6\" data-element_type=\"widget\" data-e-type=\"widget\" data-widget_type=\"spacer.default\">\n\t\t\t\t<div class=\"elementor-widget-container\">\n\t\t\t\t\t\t\t<div class=\"elementor-spacer\">\n\t\t\t<div class=\"elementor-spacer-inner\"><\/div>\n\t\t<\/div>\n\t\t\t\t\t\t<\/div>\n\t\t\t\t<\/div>\n\t\t\t\t\t<\/div>\n\t\t<\/div>\n\t\t\t\t\t<\/div>\n\t\t<\/section>\n\t\t\t\t<section class=\"elementor-section elementor-top-section elementor-element elementor-element-f8ced36 elementor-section-boxed elementor-section-height-default elementor-section-height-default\" data-id=\"f8ced36\" data-element_type=\"section\" data-e-type=\"section\">\n\t\t\t\t\t\t<div class=\"elementor-container elementor-column-gap-default\">\n\t\t\t\t\t<div class=\"elementor-column elementor-col-100 elementor-top-column elementor-element elementor-element-e3ba082\" data-id=\"e3ba082\" data-element_type=\"column\" data-e-type=\"column\">\n\t\t\t<div class=\"elementor-widget-wrap elementor-element-populated\">\n\t\t\t\t\t\t<div class=\"elementor-element elementor-element-1f85140 elementor-widget elementor-widget-spacer\" data-id=\"1f85140\" data-element_type=\"widget\" data-e-type=\"widget\" data-widget_type=\"spacer.default\">\n\t\t\t\t<div class=\"elementor-widget-container\">\n\t\t\t\t\t\t\t<div class=\"elementor-spacer\">\n\t\t\t<div class=\"elementor-spacer-inner\"><\/div>\n\t\t<\/div>\n\t\t\t\t\t\t<\/div>\n\t\t\t\t<\/div>\n\t\t\t\t\t<\/div>\n\t\t<\/div>\n\t\t\t\t\t<\/div>\n\t\t<\/section>\n\t\t\t\t<\/div>","protected":false},"excerpt":{"rendered":"<p>NOS SERVICES LA RDE ACCOMPAGNE LES ENTREPRISESDEPUIS 2014 text-to-peech-reading-speed-fast OPERATING TEAM D\u00e9couvrir CONSEIL D\u00e9couvrir Conception et ex\u00e9cution d\u2019un programme D\u00e9couvrir<\/p>","protected":false},"author":1,"featured_media":0,"parent":0,"menu_order":0,"comment_status":"closed","ping_status":"closed","template":"","meta":{"footnotes":""},"class_list":["post-1735","page","type-page","status-publish","hentry"],"yoast_head":"<!-- This site is optimized with the Yoast SEO plugin v27.6 - https:\/\/yoast.com\/product\/yoast-seo-wordpress\/ -->\n<title>Nos services. - Entrepreneur S\u00e9n\u00e9gal<\/title>\n<meta name=\"robots\" content=\"index, follow, max-snippet:-1, max-image-preview:large, max-video-preview:-1\" \/>\n<link rel=\"canonical\" href=\"https:\/\/entrepreneursenegal.com\/en\/nos-services2\/\" \/>\n<meta property=\"og:locale\" content=\"en_US\" \/>\n<meta property=\"og:type\" content=\"article\" \/>\n<meta property=\"og:title\" content=\"Nos services. - Entrepreneur S\u00e9n\u00e9gal\" \/>\n<meta property=\"og:description\" content=\"NOS SERVICES LA RDE ACCOMPAGNE LES ENTREPRISESDEPUIS 2014 text-to-peech-reading-speed-fast OPERATING TEAM D\u00e9couvrir CONSEIL D\u00e9couvrir Conception et ex\u00e9cution d\u2019un programme D\u00e9couvrir\" \/>\n<meta property=\"og:url\" content=\"https:\/\/entrepreneursenegal.com\/en\/nos-services2\/\" \/>\n<meta property=\"og:site_name\" content=\"Entrepreneur S\u00e9n\u00e9gal\" \/>\n<meta property=\"article:publisher\" content=\"https:\/\/www.facebook.com\/RDEDakar\" \/>\n<meta property=\"article:modified_time\" content=\"2025-06-25T18:52:51+00:00\" \/>\n<meta name=\"twitter:card\" content=\"summary_large_image\" \/>\n<meta name=\"twitter:site\" content=\"@RDEDakar\" \/>\n<meta name=\"twitter:label1\" content=\"Est. reading time\" \/>\n\t<meta name=\"twitter:data1\" content=\"1 minute\" \/>\n<script type=\"application\/ld+json\" class=\"yoast-schema-graph\">{\"@context\":\"https:\\\/\\\/schema.org\",\"@graph\":[{\"@type\":\"WebPage\",\"@id\":\"https:\\\/\\\/entrepreneursenegal.com\\\/nos-services2\\\/\",\"url\":\"https:\\\/\\\/entrepreneursenegal.com\\\/nos-services2\\\/\",\"name\":\"Nos services. - Entrepreneur S\u00e9n\u00e9gal\",\"isPartOf\":{\"@id\":\"https:\\\/\\\/entrepreneursenegal.com\\\/#website\"},\"datePublished\":\"2020-11-20T15:32:06+00:00\",\"dateModified\":\"2025-06-25T18:52:51+00:00\",\"breadcrumb\":{\"@id\":\"https:\\\/\\\/entrepreneursenegal.com\\\/nos-services2\\\/#breadcrumb\"},\"inLanguage\":\"en-US\",\"potentialAction\":[{\"@type\":\"ReadAction\",\"target\":[\"https:\\\/\\\/entrepreneursenegal.com\\\/nos-services2\\\/\"]}]},{\"@type\":\"BreadcrumbList\",\"@id\":\"https:\\\/\\\/entrepreneursenegal.com\\\/nos-services2\\\/#breadcrumb\",\"itemListElement\":[{\"@type\":\"ListItem\",\"position\":1,\"name\":\"Accueil\",\"item\":\"https:\\\/\\\/entrepreneursenegal.com\\\/\"},{\"@type\":\"ListItem\",\"position\":2,\"name\":\"Nos services.\"}]},{\"@type\":\"WebSite\",\"@id\":\"https:\\\/\\\/entrepreneursenegal.com\\\/#website\",\"url\":\"https:\\\/\\\/entrepreneursenegal.com\\\/\",\"name\":\"Entrepreneur S\u00e9n\u00e9gal\",\"description\":\"Pour des entrepreneurs par des entrepreneurs\",\"publisher\":{\"@id\":\"https:\\\/\\\/entrepreneursenegal.com\\\/#organization\"},\"potentialAction\":[{\"@type\":\"SearchAction\",\"target\":{\"@type\":\"EntryPoint\",\"urlTemplate\":\"https:\\\/\\\/entrepreneursenegal.com\\\/?s={search_term_string}\"},\"query-input\":{\"@type\":\"PropertyValueSpecification\",\"valueRequired\":true,\"valueName\":\"search_term_string\"}}],\"inLanguage\":\"en-US\"},{\"@type\":\"Organization\",\"@id\":\"https:\\\/\\\/entrepreneursenegal.com\\\/#organization\",\"name\":\"Rencontre des entrepreneurs\",\"url\":\"https:\\\/\\\/entrepreneursenegal.com\\\/\",\"logo\":{\"@type\":\"ImageObject\",\"inLanguage\":\"en-US\",\"@id\":\"https:\\\/\\\/entrepreneursenegal.com\\\/#\\\/schema\\\/logo\\\/image\\\/\",\"url\":\"https:\\\/\\\/entrepreneursenegal.com\\\/wp-content\\\/uploads\\\/2022\\\/02\\\/telechargement.png\",\"contentUrl\":\"https:\\\/\\\/entrepreneursenegal.com\\\/wp-content\\\/uploads\\\/2022\\\/02\\\/telechargement.png\",\"width\":417,\"height\":154,\"caption\":\"Rencontre des entrepreneurs\"},\"image\":{\"@id\":\"https:\\\/\\\/entrepreneursenegal.com\\\/#\\\/schema\\\/logo\\\/image\\\/\"},\"sameAs\":[\"https:\\\/\\\/www.facebook.com\\\/RDEDakar\",\"https:\\\/\\\/x.com\\\/RDEDakar\",\"https:\\\/\\\/www.linkedin.com\\\/company\\\/69477859\"]}]}<\/script>\n<!-- \/ Yoast SEO plugin. -->","yoast_head_json":{"title":"Nos services. - Entrepreneur S\u00e9n\u00e9gal","robots":{"index":"index","follow":"follow","max-snippet":"max-snippet:-1","max-image-preview":"max-image-preview:large","max-video-preview":"max-video-preview:-1"},"canonical":"https:\/\/entrepreneursenegal.com\/en\/nos-services2\/","og_locale":"en_US","og_type":"article","og_title":"Nos services. - Entrepreneur S\u00e9n\u00e9gal","og_description":"NOS SERVICES LA RDE ACCOMPAGNE LES ENTREPRISESDEPUIS 2014 text-to-peech-reading-speed-fast OPERATING TEAM D\u00e9couvrir CONSEIL D\u00e9couvrir Conception et ex\u00e9cution d\u2019un programme D\u00e9couvrir","og_url":"https:\/\/entrepreneursenegal.com\/en\/nos-services2\/","og_site_name":"Entrepreneur S\u00e9n\u00e9gal","article_publisher":"https:\/\/www.facebook.com\/RDEDakar","article_modified_time":"2025-06-25T18:52:51+00:00","twitter_card":"summary_large_image","twitter_site":"@RDEDakar","twitter_misc":{"Est. reading time":"1 minute"},"schema":{"@context":"https:\/\/schema.org","@graph":[{"@type":"WebPage","@id":"https:\/\/entrepreneursenegal.com\/nos-services2\/","url":"https:\/\/entrepreneursenegal.com\/nos-services2\/","name":"Nos services. - Entrepreneur S\u00e9n\u00e9gal","isPartOf":{"@id":"https:\/\/entrepreneursenegal.com\/#website"},"datePublished":"2020-11-20T15:32:06+00:00","dateModified":"2025-06-25T18:52:51+00:00","breadcrumb":{"@id":"https:\/\/entrepreneursenegal.com\/nos-services2\/#breadcrumb"},"inLanguage":"en-US","potentialAction":[{"@type":"ReadAction","target":["https:\/\/entrepreneursenegal.com\/nos-services2\/"]}]},{"@type":"BreadcrumbList","@id":"https:\/\/entrepreneursenegal.com\/nos-services2\/#breadcrumb","itemListElement":[{"@type":"ListItem","position":1,"name":"Accueil","item":"https:\/\/entrepreneursenegal.com\/"},{"@type":"ListItem","position":2,"name":"Nos services."}]},{"@type":"WebSite","@id":"https:\/\/entrepreneursenegal.com\/#website","url":"https:\/\/entrepreneursenegal.com\/","name":"Entrepreneur S\u00e9n\u00e9gal","description":"Pour des entrepreneurs par des entrepreneurs","publisher":{"@id":"https:\/\/entrepreneursenegal.com\/#organization"},"potentialAction":[{"@type":"SearchAction","target":{"@type":"EntryPoint","urlTemplate":"https:\/\/entrepreneursenegal.com\/?s={search_term_string}"},"query-input":{"@type":"PropertyValueSpecification","valueRequired":true,"valueName":"search_term_string"}}],"inLanguage":"en-US"},{"@type":"Organization","@id":"https:\/\/entrepreneursenegal.com\/#organization","name":"Rencontre des entrepreneurs","url":"https:\/\/entrepreneursenegal.com\/","logo":{"@type":"ImageObject","inLanguage":"en-US","@id":"https:\/\/entrepreneursenegal.com\/#\/schema\/logo\/image\/","url":"https:\/\/entrepreneursenegal.com\/wp-content\/uploads\/2022\/02\/telechargement.png","contentUrl":"https:\/\/entrepreneursenegal.com\/wp-content\/uploads\/2022\/02\/telechargement.png","width":417,"height":154,"caption":"Rencontre des entrepreneurs"},"image":{"@id":"https:\/\/entrepreneursenegal.com\/#\/schema\/logo\/image\/"},"sameAs":["https:\/\/www.facebook.com\/RDEDakar","https:\/\/x.com\/RDEDakar","https:\/\/www.linkedin.com\/company\/69477859"]}]}},"_links":{"self":[{"href":"https:\/\/entrepreneursenegal.com\/en\/wp-json\/wp\/v2\/pages\/1735","targetHints":{"allow":["GET"]}}],"collection":[{"href":"https:\/\/entrepreneursenegal.com\/en\/wp-json\/wp\/v2\/pages"}],"about":[{"href":"https:\/\/entrepreneursenegal.com\/en\/wp-json\/wp\/v2\/types\/page"}],"author":[{"embeddable":true,"href":"https:\/\/entrepreneursenegal.com\/en\/wp-json\/wp\/v2\/users\/1"}],"replies":[{"embeddable":true,"href":"https:\/\/entrepreneursenegal.com\/en\/wp-json\/wp\/v2\/comments?post=1735"}],"version-history":[{"count":37,"href":"https:\/\/entrepreneursenegal.com\/en\/wp-json\/wp\/v2\/pages\/1735\/revisions"}],"predecessor-version":[{"id":4475,"href":"https:\/\/entrepreneursenegal.com\/en\/wp-json\/wp\/v2\/pages\/1735\/revisions\/4475"}],"wp:attachment":[{"href":"https:\/\/entrepreneursenegal.com\/en\/wp-json\/wp\/v2\/media?parent=1735"}],"curies":[{"name":"wp","href":"https:\/\/api.w.org\/{rel}","templated":true}]}}