{"id":2278,"date":"2020-11-24T17:03:47","date_gmt":"2020-11-24T16:03:47","guid":{"rendered":"https:\/\/entrepreneursenegal.com\/?page_id=2278"},"modified":"2025-08-30T19:00:45","modified_gmt":"2025-08-30T18:00:45","slug":"conseil-aux-entreprises-etrangeres","status":"publish","type":"page","link":"https:\/\/entrepreneursenegal.com\/en\/conseil-aux-entreprises-etrangeres\/","title":{"rendered":"Ressources humaines"},"content":{"rendered":"<div data-elementor-type=\"wp-page\" data-elementor-id=\"2278\" class=\"elementor elementor-2278\">\n\t\t\t\t\t\t<section class=\"elementor-section elementor-top-section elementor-element elementor-element-42831cf elementor-section-stretched elementor-section-boxed elementor-section-height-default elementor-section-height-default\" data-id=\"42831cf\" data-element_type=\"section\" data-e-type=\"section\" data-settings=\"{&quot;stretch_section&quot;:&quot;section-stretched&quot;,&quot;background_background&quot;:&quot;classic&quot;}\">\n\t\t\t\t\t\t<div class=\"elementor-container elementor-column-gap-wider\">\n\t\t\t\t\t<div class=\"elementor-column elementor-col-100 elementor-top-column elementor-element elementor-element-2269908\" data-id=\"2269908\" data-element_type=\"column\" data-e-type=\"column\">\n\t\t\t<div class=\"elementor-widget-wrap elementor-element-populated\">\n\t\t\t\t\t\t<div class=\"elementor-element elementor-element-5d90627 elementor-widget elementor-widget-text-editor\" data-id=\"5d90627\" data-element_type=\"widget\" data-e-type=\"widget\" data-widget_type=\"text-editor.default\">\n\t\t\t\t<div class=\"elementor-widget-container\">\n\t\t\t\t\t\t\t\t\t<h1 style=\"color: #000;\"><span style=\"color: #e95b28;\">Ressources humaines\u00a0<\/span><\/h1>\t\t\t\t\t\t\t\t<\/div>\n\t\t\t\t<\/div>\n\t\t\t\t\t<\/div>\n\t\t<\/div>\n\t\t\t\t\t<\/div>\n\t\t<\/section>\n\t\t\t\t<section class=\"elementor-section elementor-top-section elementor-element elementor-element-11bfdb5 elementor-section-boxed elementor-section-height-default elementor-section-height-default\" data-id=\"11bfdb5\" data-element_type=\"section\" data-e-type=\"section\">\n\t\t\t\t\t\t<div class=\"elementor-container elementor-column-gap-default\">\n\t\t\t\t\t<div class=\"elementor-column elementor-col-100 elementor-top-column elementor-element elementor-element-fef3b24\" data-id=\"fef3b24\" data-element_type=\"column\" data-e-type=\"column\">\n\t\t\t<div class=\"elementor-widget-wrap elementor-element-populated\">\n\t\t\t\t\t\t<div class=\"elementor-element elementor-element-10510b9 elementor-widget elementor-widget-text-editor\" data-id=\"10510b9\" data-element_type=\"widget\" data-e-type=\"widget\" data-widget_type=\"text-editor.default\">\n\t\t\t\t<div class=\"elementor-widget-container\">\n\t\t\t\t\t\t\t\t\t<h3>D\u00e9veloppez une \u00e9quipe engag\u00e9e et bien encadr\u00e9e.<\/h3><p>Chez RDE, nous croyons que les ressources humaines sont un levier de croissance. Nousvous aidons \u00e0 b\u00e2tir des politiques RH attractives et \u00e0 fluidifier la gestion de votre capital humain.<\/p>\t\t\t\t\t\t\t\t<\/div>\n\t\t\t\t<\/div>\n\t\t\t\t\t<\/div>\n\t\t<\/div>\n\t\t\t\t\t<\/div>\n\t\t<\/section>\n\t\t\t\t<section class=\"elementor-section elementor-top-section elementor-element elementor-element-de1388f elementor-section-boxed elementor-section-height-default elementor-section-height-default\" data-id=\"de1388f\" data-element_type=\"section\" data-e-type=\"section\" data-settings=\"{&quot;background_background&quot;:&quot;classic&quot;}\">\n\t\t\t\t\t\t<div class=\"elementor-container elementor-column-gap-default\">\n\t\t\t\t\t<div class=\"elementor-column elementor-col-100 elementor-top-column elementor-element elementor-element-8ac0898\" data-id=\"8ac0898\" data-element_type=\"column\" data-e-type=\"column\">\n\t\t\t<div class=\"elementor-widget-wrap elementor-element-populated\">\n\t\t\t\t\t\t<div class=\"elementor-element elementor-element-b5bc49c elementor-widget elementor-widget-text-editor\" data-id=\"b5bc49c\" data-element_type=\"widget\" data-e-type=\"widget\" data-widget_type=\"text-editor.default\">\n\t\t\t\t<div class=\"elementor-widget-container\">\n\t\t\t\t\t\t\t\t\t<h3>Ce que nous proposons :<\/h3><ul><li>\u00c9laboration de politiques de r\u00e9mun\u00e9ration comp\u00e9titives et \u00e9quitables.<\/li><li>Optimisation fiscale de la r\u00e9mun\u00e9ration pour dirigeants et salari\u00e9s : salaires, primes, dividendes, avantages en nature.<\/li><li>Accompagnement dans les entretiens d\u2019\u00e9valuation, pour cadres et non-cadres.<\/li><li>Mise en place d\u2019outils de gestion RH pour am\u00e9liorer la productivit\u00e9 et le suivi des performances.<\/li><li>Digitalisation partielle ou compl\u00e8te de vos processus RH.<\/li><\/ul>\t\t\t\t\t\t\t\t<\/div>\n\t\t\t\t<\/div>\n\t\t\t\t\t<\/div>\n\t\t<\/div>\n\t\t\t\t\t<\/div>\n\t\t<\/section>\n\t\t\t\t<section class=\"elementor-section elementor-top-section elementor-element elementor-element-ceaa3c5 elementor-section-boxed elementor-section-height-default elementor-section-height-default\" data-id=\"ceaa3c5\" data-element_type=\"section\" data-e-type=\"section\">\n\t\t\t\t\t\t<div class=\"elementor-container elementor-column-gap-default\">\n\t\t\t\t\t<div class=\"elementor-column elementor-col-100 elementor-top-column elementor-element elementor-element-5fde955\" data-id=\"5fde955\" data-element_type=\"column\" data-e-type=\"column\">\n\t\t\t<div class=\"elementor-widget-wrap elementor-element-populated\">\n\t\t\t\t\t\t<div class=\"elementor-element elementor-element-6aa6fdf elementor-widget-divider--separator-type-pattern elementor-widget-divider--no-spacing elementor-widget-divider--view-line elementor-widget elementor-widget-divider\" data-id=\"6aa6fdf\" data-element_type=\"widget\" data-e-type=\"widget\" data-widget_type=\"divider.default\">\n\t\t\t\t<div class=\"elementor-widget-container\">\n\t\t\t\t\t\t\t<div class=\"elementor-divider\" style=\"--divider-pattern-url: url(&quot;data:image\/svg+xml,%3Csvg xmlns=&#039;http:\/\/www.w3.org\/2000\/svg&#039; preserveAspectRatio=&#039;none&#039; overflow=&#039;visible&#039; height=&#039;100%&#039; viewBox=&#039;0 0 24 24&#039; fill=&#039;black&#039; stroke=&#039;none&#039;%3E%3Cpath d=&#039;M24,8v12H0V8H24z M24,4v1H0V4H24z&#039;\/%3E%3C\/svg%3E&quot;);\">\n\t\t\t<span class=\"elementor-divider-separator\">\n\t\t\t\t\t\t<\/span>\n\t\t<\/div>\n\t\t\t\t\t\t<\/div>\n\t\t\t\t<\/div>\n\t\t\t\t\t<\/div>\n\t\t<\/div>\n\t\t\t\t\t<\/div>\n\t\t<\/section>\n\t\t\t\t<section class=\"elementor-section elementor-top-section elementor-element elementor-element-70ac631 elementor-section-boxed elementor-section-height-default elementor-section-height-default\" data-id=\"70ac631\" data-element_type=\"section\" data-e-type=\"section\">\n\t\t\t\t\t\t<div class=\"elementor-container elementor-column-gap-default\">\n\t\t\t\t\t<div class=\"elementor-column elementor-col-100 elementor-top-column elementor-element elementor-element-6b95b81\" data-id=\"6b95b81\" data-element_type=\"column\" data-e-type=\"column\">\n\t\t\t<div class=\"elementor-widget-wrap elementor-element-populated\">\n\t\t\t\t\t\t<div class=\"elementor-element elementor-element-38fb564 elementor-widget elementor-widget-text-editor\" data-id=\"38fb564\" data-element_type=\"widget\" data-e-type=\"widget\" data-widget_type=\"text-editor.default\">\n\t\t\t\t<div class=\"elementor-widget-container\">\n\t\t\t\t\t\t\t\t\t<h3 style=\"text-align: center;\"><b>Do the right choice !<\/b><\/h3><h3 style=\"text-align: center;\"><b> We respond to your operational and organizational issues.<\/b><\/h3>\t\t\t\t\t\t\t\t<\/div>\n\t\t\t\t<\/div>\n\t\t\t\t\t<\/div>\n\t\t<\/div>\n\t\t\t\t\t<\/div>\n\t\t<\/section>\n\t\t\t\t<section class=\"elementor-section elementor-top-section elementor-element elementor-element-1edf0ce elementor-section-boxed elementor-section-height-default elementor-section-height-default\" data-id=\"1edf0ce\" data-element_type=\"section\" data-e-type=\"section\">\n\t\t\t\t\t\t<div class=\"elementor-container elementor-column-gap-default\">\n\t\t\t\t\t<div class=\"elementor-column elementor-col-100 elementor-top-column elementor-element elementor-element-30c3b48\" data-id=\"30c3b48\" data-element_type=\"column\" data-e-type=\"column\">\n\t\t\t<div class=\"elementor-widget-wrap elementor-element-populated\">\n\t\t\t\t\t\t<div class=\"elementor-element elementor-element-061c745 elementor-align-center elementor-widget elementor-widget-button\" data-id=\"061c745\" data-element_type=\"widget\" data-e-type=\"widget\" data-widget_type=\"button.default\">\n\t\t\t\t<div class=\"elementor-widget-container\">\n\t\t\t\t\t\t\t\t\t<div class=\"elementor-button-wrapper\">\n\t\t\t\t\t<a class=\"elementor-button elementor-button-link elementor-size-sm\" href=\"https:\/\/entrepreneursenegal.com\/en\/contact\/\">\n\t\t\t\t\t\t<span class=\"elementor-button-content-wrapper\">\n\t\t\t\t\t\t\t\t\t<span class=\"elementor-button-text\">Entrust us with your projects<\/span>\n\t\t\t\t\t<\/span>\n\t\t\t\t\t<\/a>\n\t\t\t\t<\/div>\n\t\t\t\t\t\t\t\t<\/div>\n\t\t\t\t<\/div>\n\t\t\t\t\t<\/div>\n\t\t<\/div>\n\t\t\t\t\t<\/div>\n\t\t<\/section>\n\t\t\t\t<section class=\"elementor-section elementor-top-section elementor-element elementor-element-b05a292 elementor-section-boxed elementor-section-height-default elementor-section-height-default\" data-id=\"b05a292\" data-element_type=\"section\" data-e-type=\"section\">\n\t\t\t\t\t\t<div class=\"elementor-container elementor-column-gap-default\">\n\t\t\t\t\t<div class=\"elementor-column elementor-col-100 elementor-top-column elementor-element elementor-element-69ec736\" data-id=\"69ec736\" data-element_type=\"column\" data-e-type=\"column\">\n\t\t\t<div class=\"elementor-widget-wrap elementor-element-populated\">\n\t\t\t\t\t\t<div class=\"elementor-element elementor-element-824e04b elementor-widget elementor-widget-spacer\" data-id=\"824e04b\" data-element_type=\"widget\" data-e-type=\"widget\" data-widget_type=\"spacer.default\">\n\t\t\t\t<div class=\"elementor-widget-container\">\n\t\t\t\t\t\t\t<div class=\"elementor-spacer\">\n\t\t\t<div class=\"elementor-spacer-inner\"><\/div>\n\t\t<\/div>\n\t\t\t\t\t\t<\/div>\n\t\t\t\t<\/div>\n\t\t\t\t\t<\/div>\n\t\t<\/div>\n\t\t\t\t\t<\/div>\n\t\t<\/section>\n\t\t\t\t<section class=\"elementor-section elementor-top-section elementor-element elementor-element-364d2817 elementor-section-content-middle elementor-section-boxed elementor-section-height-default elementor-section-height-default\" data-id=\"364d2817\" data-element_type=\"section\" data-e-type=\"section\">\n\t\t\t\t\t\t<div class=\"elementor-container elementor-column-gap-no\">\n\t\t\t\t\t<div class=\"elementor-column elementor-col-50 elementor-top-column elementor-element elementor-element-1ea9829b\" data-id=\"1ea9829b\" data-element_type=\"column\" data-e-type=\"column\" data-settings=\"{&quot;background_background&quot;:&quot;classic&quot;}\">\n\t\t\t<div class=\"elementor-widget-wrap elementor-element-populated\">\n\t\t\t\t\t\t<div class=\"elementor-element elementor-element-32a2f8ef elementor-widget elementor-widget-heading\" data-id=\"32a2f8ef\" data-element_type=\"widget\" data-e-type=\"widget\" data-widget_type=\"heading.default\">\n\t\t\t\t<div class=\"elementor-widget-container\">\n\t\t\t\t\t<h4 class=\"elementor-heading-title elementor-size-default\">Find us on social medias<\/h4>\t\t\t\t<\/div>\n\t\t\t\t<\/div>\n\t\t\t\t<div class=\"elementor-element elementor-element-7f7501bc elementor-widget elementor-widget-text-editor\" data-id=\"7f7501bc\" data-element_type=\"widget\" data-e-type=\"widget\" data-widget_type=\"text-editor.default\">\n\t\t\t\t<div class=\"elementor-widget-container\">\n\t\t\t\t\t\t\t\t\t<p><span style=\"color: #ffffff;\">To keep up to date with our news, visit our various social networks.<\/span><\/p>\t\t\t\t\t\t\t\t<\/div>\n\t\t\t\t<\/div>\n\t\t\t\t\t<\/div>\n\t\t<\/div>\n\t\t\t\t<div class=\"elementor-column elementor-col-50 elementor-top-column elementor-element elementor-element-190686fb\" data-id=\"190686fb\" data-element_type=\"column\" data-e-type=\"column\" data-settings=\"{&quot;background_background&quot;:&quot;classic&quot;}\">\n\t\t\t<div class=\"elementor-widget-wrap elementor-element-populated\">\n\t\t\t\t\t\t<div class=\"elementor-element elementor-element-57d301af elementor-shape-circle elementor-grid-0 e-grid-align-center elementor-widget elementor-widget-social-icons\" data-id=\"57d301af\" data-element_type=\"widget\" data-e-type=\"widget\" data-widget_type=\"social-icons.default\">\n\t\t\t\t<div class=\"elementor-widget-container\">\n\t\t\t\t\t\t\t<div class=\"elementor-social-icons-wrapper elementor-grid\" role=\"list\">\n\t\t\t\t\t\t\t<span class=\"elementor-grid-item\" role=\"listitem\">\n\t\t\t\t\t<a class=\"elementor-icon elementor-social-icon elementor-social-icon-facebook-f elementor-repeater-item-72f6e4b\" href=\"https:\/\/www.facebook.com\/RDEDakar\" target=\"_blank\">\n\t\t\t\t\t\t<span class=\"elementor-screen-only\">Facebook-f<\/span>\n\t\t\t\t\t\t<i aria-hidden=\"true\" class=\"fab fa-facebook-f\"><\/i>\t\t\t\t\t<\/a>\n\t\t\t\t<\/span>\n\t\t\t\t\t\t\t<span class=\"elementor-grid-item\" role=\"listitem\">\n\t\t\t\t\t<a class=\"elementor-icon elementor-social-icon elementor-social-icon-x-twitter elementor-repeater-item-73f8653\" href=\"https:\/\/twitter.com\/RDEDakar\" target=\"_blank\">\n\t\t\t\t\t\t<span class=\"elementor-screen-only\">X-twitter<\/span>\n\t\t\t\t\t\t<i aria-hidden=\"true\" class=\"fab fa-x-twitter\"><\/i>\t\t\t\t\t<\/a>\n\t\t\t\t<\/span>\n\t\t\t\t\t\t\t<span class=\"elementor-grid-item\" role=\"listitem\">\n\t\t\t\t\t<a class=\"elementor-icon elementor-social-icon elementor-social-icon-linkedin elementor-repeater-item-c4716e8\" href=\"https:\/\/www.linkedin.com\/in\/rdedakar\/\" target=\"_blank\">\n\t\t\t\t\t\t<span class=\"elementor-screen-only\">Linkedin<\/span>\n\t\t\t\t\t\t<i aria-hidden=\"true\" class=\"fab fa-linkedin\"><\/i>\t\t\t\t\t<\/a>\n\t\t\t\t<\/span>\n\t\t\t\t\t<\/div>\n\t\t\t\t\t\t<\/div>\n\t\t\t\t<\/div>\n\t\t\t\t<div class=\"elementor-element elementor-element-114dc42 elementor-widget elementor-widget-heading\" data-id=\"114dc42\" data-element_type=\"widget\" data-e-type=\"widget\" data-widget_type=\"heading.default\">\n\t\t\t\t<div class=\"elementor-widget-container\">\n\t\t\t\t\t<h2 class=\"elementor-heading-title elementor-size-default\">@RDEDAKAR<\/h2>\t\t\t\t<\/div>\n\t\t\t\t<\/div>\n\t\t\t\t\t<\/div>\n\t\t<\/div>\n\t\t\t\t\t<\/div>\n\t\t<\/section>\n\t\t\t\t<\/div>","protected":false},"excerpt":{"rendered":"<p>Ressources humaines\u00a0 D\u00e9veloppez une \u00e9quipe engag\u00e9e et bien encadr\u00e9e. Chez RDE, nous croyons que les ressources humaines sont un levier de croissance. Nousvous aidons \u00e0 b\u00e2tir des politiques RH attractives<span class=\"excerpt-hellip\"> [\u2026]<\/span><\/p>\n","protected":false},"author":1,"featured_media":0,"parent":0,"menu_order":0,"comment_status":"closed","ping_status":"closed","template":"","meta":{"footnotes":""},"class_list":["post-2278","page","type-page","status-publish","hentry"],"yoast_head":"<!-- This site is optimized with the Yoast SEO plugin v27.6 - https:\/\/yoast.com\/product\/yoast-seo-wordpress\/ -->\n<title>Ressources humaines - Entrepreneur S\u00e9n\u00e9gal<\/title>\n<meta name=\"robots\" content=\"index, follow, max-snippet:-1, max-image-preview:large, max-video-preview:-1\" \/>\n<link rel=\"canonical\" href=\"https:\/\/entrepreneursenegal.com\/en\/conseil-aux-entreprises-etrangeres\/\" \/>\n<meta property=\"og:locale\" content=\"en_US\" \/>\n<meta property=\"og:type\" content=\"article\" \/>\n<meta property=\"og:title\" content=\"Ressources humaines - Entrepreneur S\u00e9n\u00e9gal\" \/>\n<meta property=\"og:description\" content=\"Ressources humaines\u00a0 D\u00e9veloppez une \u00e9quipe engag\u00e9e et bien encadr\u00e9e. Chez RDE, nous croyons que les ressources humaines sont un levier de croissance. Nousvous aidons \u00e0 b\u00e2tir des politiques RH attractives [\u2026]\" \/>\n<meta property=\"og:url\" content=\"https:\/\/entrepreneursenegal.com\/en\/conseil-aux-entreprises-etrangeres\/\" \/>\n<meta property=\"og:site_name\" content=\"Entrepreneur S\u00e9n\u00e9gal\" \/>\n<meta property=\"article:publisher\" content=\"https:\/\/www.facebook.com\/RDEDakar\" \/>\n<meta property=\"article:modified_time\" content=\"2025-08-30T18:00:45+00:00\" \/>\n<meta name=\"twitter:card\" content=\"summary_large_image\" \/>\n<meta name=\"twitter:site\" content=\"@RDEDakar\" \/>\n<meta name=\"twitter:label1\" content=\"Est. reading time\" \/>\n\t<meta name=\"twitter:data1\" content=\"1 minute\" \/>\n<script type=\"application\/ld+json\" class=\"yoast-schema-graph\">{\"@context\":\"https:\\\/\\\/schema.org\",\"@graph\":[{\"@type\":\"WebPage\",\"@id\":\"https:\\\/\\\/entrepreneursenegal.com\\\/conseil-aux-entreprises-etrangeres\\\/\",\"url\":\"https:\\\/\\\/entrepreneursenegal.com\\\/conseil-aux-entreprises-etrangeres\\\/\",\"name\":\"Ressources humaines - Entrepreneur S\u00e9n\u00e9gal\",\"isPartOf\":{\"@id\":\"https:\\\/\\\/entrepreneursenegal.com\\\/#website\"},\"datePublished\":\"2020-11-24T16:03:47+00:00\",\"dateModified\":\"2025-08-30T18:00:45+00:00\",\"breadcrumb\":{\"@id\":\"https:\\\/\\\/entrepreneursenegal.com\\\/conseil-aux-entreprises-etrangeres\\\/#breadcrumb\"},\"inLanguage\":\"en-US\",\"potentialAction\":[{\"@type\":\"ReadAction\",\"target\":[\"https:\\\/\\\/entrepreneursenegal.com\\\/conseil-aux-entreprises-etrangeres\\\/\"]}]},{\"@type\":\"BreadcrumbList\",\"@id\":\"https:\\\/\\\/entrepreneursenegal.com\\\/conseil-aux-entreprises-etrangeres\\\/#breadcrumb\",\"itemListElement\":[{\"@type\":\"ListItem\",\"position\":1,\"name\":\"Accueil\",\"item\":\"https:\\\/\\\/entrepreneursenegal.com\\\/\"},{\"@type\":\"ListItem\",\"position\":2,\"name\":\"Ressources humaines\"}]},{\"@type\":\"WebSite\",\"@id\":\"https:\\\/\\\/entrepreneursenegal.com\\\/#website\",\"url\":\"https:\\\/\\\/entrepreneursenegal.com\\\/\",\"name\":\"Entrepreneur S\u00e9n\u00e9gal\",\"description\":\"Pour des entrepreneurs par des entrepreneurs\",\"publisher\":{\"@id\":\"https:\\\/\\\/entrepreneursenegal.com\\\/#organization\"},\"potentialAction\":[{\"@type\":\"SearchAction\",\"target\":{\"@type\":\"EntryPoint\",\"urlTemplate\":\"https:\\\/\\\/entrepreneursenegal.com\\\/?s={search_term_string}\"},\"query-input\":{\"@type\":\"PropertyValueSpecification\",\"valueRequired\":true,\"valueName\":\"search_term_string\"}}],\"inLanguage\":\"en-US\"},{\"@type\":\"Organization\",\"@id\":\"https:\\\/\\\/entrepreneursenegal.com\\\/#organization\",\"name\":\"Rencontre des entrepreneurs\",\"url\":\"https:\\\/\\\/entrepreneursenegal.com\\\/\",\"logo\":{\"@type\":\"ImageObject\",\"inLanguage\":\"en-US\",\"@id\":\"https:\\\/\\\/entrepreneursenegal.com\\\/#\\\/schema\\\/logo\\\/image\\\/\",\"url\":\"https:\\\/\\\/entrepreneursenegal.com\\\/wp-content\\\/uploads\\\/2022\\\/02\\\/telechargement.png\",\"contentUrl\":\"https:\\\/\\\/entrepreneursenegal.com\\\/wp-content\\\/uploads\\\/2022\\\/02\\\/telechargement.png\",\"width\":417,\"height\":154,\"caption\":\"Rencontre des entrepreneurs\"},\"image\":{\"@id\":\"https:\\\/\\\/entrepreneursenegal.com\\\/#\\\/schema\\\/logo\\\/image\\\/\"},\"sameAs\":[\"https:\\\/\\\/www.facebook.com\\\/RDEDakar\",\"https:\\\/\\\/x.com\\\/RDEDakar\",\"https:\\\/\\\/www.linkedin.com\\\/company\\\/69477859\"]}]}<\/script>\n<!-- \/ Yoast SEO plugin. -->","yoast_head_json":{"title":"Ressources humaines - Entrepreneur S\u00e9n\u00e9gal","robots":{"index":"index","follow":"follow","max-snippet":"max-snippet:-1","max-image-preview":"max-image-preview:large","max-video-preview":"max-video-preview:-1"},"canonical":"https:\/\/entrepreneursenegal.com\/en\/conseil-aux-entreprises-etrangeres\/","og_locale":"en_US","og_type":"article","og_title":"Ressources humaines - Entrepreneur S\u00e9n\u00e9gal","og_description":"Ressources humaines\u00a0 D\u00e9veloppez une \u00e9quipe engag\u00e9e et bien encadr\u00e9e. Chez RDE, nous croyons que les ressources humaines sont un levier de croissance. Nousvous aidons \u00e0 b\u00e2tir des politiques RH attractives [\u2026]","og_url":"https:\/\/entrepreneursenegal.com\/en\/conseil-aux-entreprises-etrangeres\/","og_site_name":"Entrepreneur S\u00e9n\u00e9gal","article_publisher":"https:\/\/www.facebook.com\/RDEDakar","article_modified_time":"2025-08-30T18:00:45+00:00","twitter_card":"summary_large_image","twitter_site":"@RDEDakar","twitter_misc":{"Est. reading time":"1 minute"},"schema":{"@context":"https:\/\/schema.org","@graph":[{"@type":"WebPage","@id":"https:\/\/entrepreneursenegal.com\/conseil-aux-entreprises-etrangeres\/","url":"https:\/\/entrepreneursenegal.com\/conseil-aux-entreprises-etrangeres\/","name":"Ressources humaines - Entrepreneur S\u00e9n\u00e9gal","isPartOf":{"@id":"https:\/\/entrepreneursenegal.com\/#website"},"datePublished":"2020-11-24T16:03:47+00:00","dateModified":"2025-08-30T18:00:45+00:00","breadcrumb":{"@id":"https:\/\/entrepreneursenegal.com\/conseil-aux-entreprises-etrangeres\/#breadcrumb"},"inLanguage":"en-US","potentialAction":[{"@type":"ReadAction","target":["https:\/\/entrepreneursenegal.com\/conseil-aux-entreprises-etrangeres\/"]}]},{"@type":"BreadcrumbList","@id":"https:\/\/entrepreneursenegal.com\/conseil-aux-entreprises-etrangeres\/#breadcrumb","itemListElement":[{"@type":"ListItem","position":1,"name":"Accueil","item":"https:\/\/entrepreneursenegal.com\/"},{"@type":"ListItem","position":2,"name":"Ressources humaines"}]},{"@type":"WebSite","@id":"https:\/\/entrepreneursenegal.com\/#website","url":"https:\/\/entrepreneursenegal.com\/","name":"Entrepreneur S\u00e9n\u00e9gal","description":"Pour des entrepreneurs par des entrepreneurs","publisher":{"@id":"https:\/\/entrepreneursenegal.com\/#organization"},"potentialAction":[{"@type":"SearchAction","target":{"@type":"EntryPoint","urlTemplate":"https:\/\/entrepreneursenegal.com\/?s={search_term_string}"},"query-input":{"@type":"PropertyValueSpecification","valueRequired":true,"valueName":"search_term_string"}}],"inLanguage":"en-US"},{"@type":"Organization","@id":"https:\/\/entrepreneursenegal.com\/#organization","name":"Rencontre des entrepreneurs","url":"https:\/\/entrepreneursenegal.com\/","logo":{"@type":"ImageObject","inLanguage":"en-US","@id":"https:\/\/entrepreneursenegal.com\/#\/schema\/logo\/image\/","url":"https:\/\/entrepreneursenegal.com\/wp-content\/uploads\/2022\/02\/telechargement.png","contentUrl":"https:\/\/entrepreneursenegal.com\/wp-content\/uploads\/2022\/02\/telechargement.png","width":417,"height":154,"caption":"Rencontre des entrepreneurs"},"image":{"@id":"https:\/\/entrepreneursenegal.com\/#\/schema\/logo\/image\/"},"sameAs":["https:\/\/www.facebook.com\/RDEDakar","https:\/\/x.com\/RDEDakar","https:\/\/www.linkedin.com\/company\/69477859"]}]}},"_links":{"self":[{"href":"https:\/\/entrepreneursenegal.com\/en\/wp-json\/wp\/v2\/pages\/2278","targetHints":{"allow":["GET"]}}],"collection":[{"href":"https:\/\/entrepreneursenegal.com\/en\/wp-json\/wp\/v2\/pages"}],"about":[{"href":"https:\/\/entrepreneursenegal.com\/en\/wp-json\/wp\/v2\/types\/page"}],"author":[{"embeddable":true,"href":"https:\/\/entrepreneursenegal.com\/en\/wp-json\/wp\/v2\/users\/1"}],"replies":[{"embeddable":true,"href":"https:\/\/entrepreneursenegal.com\/en\/wp-json\/wp\/v2\/comments?post=2278"}],"version-history":[{"count":41,"href":"https:\/\/entrepreneursenegal.com\/en\/wp-json\/wp\/v2\/pages\/2278\/revisions"}],"predecessor-version":[{"id":4576,"href":"https:\/\/entrepreneursenegal.com\/en\/wp-json\/wp\/v2\/pages\/2278\/revisions\/4576"}],"wp:attachment":[{"href":"https:\/\/entrepreneursenegal.com\/en\/wp-json\/wp\/v2\/media?parent=2278"}],"curies":[{"name":"wp","href":"https:\/\/api.w.org\/{rel}","templated":true}]}}