{"id":4146,"date":"2025-06-03T06:20:06","date_gmt":"2025-06-03T05:20:06","guid":{"rendered":"https:\/\/entrepreneursenegal.com\/?page_id=4146"},"modified":"2025-08-30T18:55:43","modified_gmt":"2025-08-30T17:55:43","slug":"juridique-et-fiscal","status":"publish","type":"page","link":"https:\/\/entrepreneursenegal.com\/en\/juridique-et-fiscal\/","title":{"rendered":"Juridique et Fiscal"},"content":{"rendered":"<div data-elementor-type=\"wp-page\" data-elementor-id=\"4146\" class=\"elementor elementor-4146\">\n\t\t\t\t\t\t<section class=\"elementor-section elementor-top-section elementor-element elementor-element-0c521ae elementor-section-stretched elementor-section-boxed elementor-section-height-default elementor-section-height-default\" data-id=\"0c521ae\" data-element_type=\"section\" data-e-type=\"section\" data-settings=\"{&quot;stretch_section&quot;:&quot;section-stretched&quot;,&quot;background_background&quot;:&quot;classic&quot;}\">\n\t\t\t\t\t\t<div class=\"elementor-container elementor-column-gap-wider\">\n\t\t\t\t\t<div class=\"elementor-column elementor-col-100 elementor-top-column elementor-element elementor-element-30a6401\" data-id=\"30a6401\" data-element_type=\"column\" data-e-type=\"column\">\n\t\t\t<div class=\"elementor-widget-wrap elementor-element-populated\">\n\t\t\t\t\t\t<div class=\"elementor-element elementor-element-68bf2c5 elementor-widget elementor-widget-heading\" data-id=\"68bf2c5\" data-element_type=\"widget\" data-e-type=\"widget\" data-widget_type=\"heading.default\">\n\t\t\t\t<div class=\"elementor-widget-container\">\n\t\t\t\t\t<h1 class=\"elementor-heading-title elementor-size-default\">Service Juridique et Fiscal<\/h1>\t\t\t\t<\/div>\n\t\t\t\t<\/div>\n\t\t\t\t\t<\/div>\n\t\t<\/div>\n\t\t\t\t\t<\/div>\n\t\t<\/section>\n\t\t\t\t<section class=\"elementor-section elementor-top-section elementor-element elementor-element-175a0af elementor-section-boxed elementor-section-height-default elementor-section-height-default\" data-id=\"175a0af\" data-element_type=\"section\" data-e-type=\"section\">\n\t\t\t\t\t\t<div class=\"elementor-container elementor-column-gap-default\">\n\t\t\t\t\t<div class=\"elementor-column elementor-col-100 elementor-top-column elementor-element elementor-element-599492e\" data-id=\"599492e\" data-element_type=\"column\" data-e-type=\"column\">\n\t\t\t<div class=\"elementor-widget-wrap elementor-element-populated\">\n\t\t\t\t\t\t<div class=\"elementor-element elementor-element-79986a4 elementor-widget elementor-widget-text-editor\" data-id=\"79986a4\" data-element_type=\"widget\" data-e-type=\"widget\" data-widget_type=\"text-editor.default\">\n\t\t\t\t<div class=\"elementor-widget-container\">\n\t\t\t\t\t\t\t\t\t<h3>Structurez solidement votre activit\u00e9 d\u00e8s le d\u00e9part.<\/h3><p>Chez RDE, nous vous accompagnons dans la cr\u00e9ation, la structuration ou la restructuration juridique de votre entreprise, quel que soit son stade de d\u00e9veloppement.<\/p><p><strong>Notre objectif<\/strong> : vous aider \u00e0 s\u00e9curiser vos fondations juridiques et fiscales, tout en optimisant vos choix pour soutenir la croissance de votre activit\u00e9.<\/p>\t\t\t\t\t\t\t\t<\/div>\n\t\t\t\t<\/div>\n\t\t\t\t\t<\/div>\n\t\t<\/div>\n\t\t\t\t\t<\/div>\n\t\t<\/section>\n\t\t\t\t<section class=\"elementor-section elementor-top-section elementor-element elementor-element-a90bcbe elementor-section-boxed elementor-section-height-default elementor-section-height-default\" data-id=\"a90bcbe\" data-element_type=\"section\" data-e-type=\"section\" data-settings=\"{&quot;background_background&quot;:&quot;classic&quot;}\">\n\t\t\t\t\t\t<div class=\"elementor-container elementor-column-gap-default\">\n\t\t\t\t\t<div class=\"elementor-column elementor-col-100 elementor-top-column elementor-element elementor-element-6a80bfc\" data-id=\"6a80bfc\" data-element_type=\"column\" data-e-type=\"column\">\n\t\t\t<div class=\"elementor-widget-wrap elementor-element-populated\">\n\t\t\t\t\t\t<div class=\"elementor-element elementor-element-f38c0d4 elementor-widget elementor-widget-text-editor\" data-id=\"f38c0d4\" data-element_type=\"widget\" data-e-type=\"widget\" data-widget_type=\"text-editor.default\">\n\t\t\t\t<div class=\"elementor-widget-container\">\n\t\t\t\t\t\t\t\t\t<h3><strong>Nos expertises :<\/strong><\/h3><ul><li>Cr\u00e9ation de soci\u00e9t\u00e9 avec une structure juridique adapt\u00e9e \u00e0 vos ambitions.<\/li><li>Conseils strat\u00e9giques sur les options fiscales les plus avantageuses.<\/li><li>R\u00e9daction et relecture de statuts, pactes d\u2019actionnaires, contrats commerciaux et Conditions G\u00e9n\u00e9rales de Ventes (CGV).<\/li><li>Protection de la propri\u00e9t\u00e9 intellectuelle, des marques et des actifs immat\u00e9riels.<\/li><li>R\u00e9alisation de due diligences juridiques et fiscales dans le cadre d\u2019op\u00e9rations de lev\u00e9es de fonds ou de partenariats strat\u00e9giques.<\/li><li>Accompagnement dans la structuration juridique de groupes d&rsquo;entreprises (filiales, holdings, participations).<\/li><\/ul>\t\t\t\t\t\t\t\t<\/div>\n\t\t\t\t<\/div>\n\t\t\t\t\t<\/div>\n\t\t<\/div>\n\t\t\t\t\t<\/div>\n\t\t<\/section>\n\t\t\t\t<section class=\"elementor-section elementor-top-section elementor-element elementor-element-ee6f7e5 elementor-section-boxed elementor-section-height-default elementor-section-height-default\" data-id=\"ee6f7e5\" data-element_type=\"section\" data-e-type=\"section\">\n\t\t\t\t\t\t<div class=\"elementor-container elementor-column-gap-default\">\n\t\t\t\t\t<div class=\"elementor-column elementor-col-100 elementor-top-column elementor-element elementor-element-72ba2ae\" data-id=\"72ba2ae\" data-element_type=\"column\" data-e-type=\"column\">\n\t\t\t<div class=\"elementor-widget-wrap elementor-element-populated\">\n\t\t\t\t\t\t<div class=\"elementor-element elementor-element-d979528 elementor-widget-divider--separator-type-pattern elementor-widget-divider--no-spacing elementor-widget-divider--view-line elementor-widget elementor-widget-divider\" data-id=\"d979528\" data-element_type=\"widget\" data-e-type=\"widget\" data-widget_type=\"divider.default\">\n\t\t\t\t<div class=\"elementor-widget-container\">\n\t\t\t\t\t\t\t<div class=\"elementor-divider\" style=\"--divider-pattern-url: url(&quot;data:image\/svg+xml,%3Csvg xmlns=&#039;http:\/\/www.w3.org\/2000\/svg&#039; preserveAspectRatio=&#039;none&#039; overflow=&#039;visible&#039; height=&#039;100%&#039; viewBox=&#039;0 0 24 24&#039; fill=&#039;black&#039; stroke=&#039;none&#039;%3E%3Cpath d=&#039;M24,8v12H0V8H24z M24,4v1H0V4H24z&#039;\/%3E%3C\/svg%3E&quot;);\">\n\t\t\t<span class=\"elementor-divider-separator\">\n\t\t\t\t\t\t<\/span>\n\t\t<\/div>\n\t\t\t\t\t\t<\/div>\n\t\t\t\t<\/div>\n\t\t\t\t\t<\/div>\n\t\t<\/div>\n\t\t\t\t\t<\/div>\n\t\t<\/section>\n\t\t\t\t<section class=\"elementor-section elementor-top-section elementor-element elementor-element-c0d3a02 elementor-section-boxed elementor-section-height-default elementor-section-height-default\" data-id=\"c0d3a02\" data-element_type=\"section\" data-e-type=\"section\">\n\t\t\t\t\t\t<div class=\"elementor-container elementor-column-gap-default\">\n\t\t\t\t\t<div class=\"elementor-column elementor-col-100 elementor-top-column elementor-element elementor-element-cb01c9e\" data-id=\"cb01c9e\" data-element_type=\"column\" data-e-type=\"column\">\n\t\t\t<div class=\"elementor-widget-wrap elementor-element-populated\">\n\t\t\t\t\t\t<div class=\"elementor-element elementor-element-80c3331 elementor-widget elementor-widget-text-editor\" data-id=\"80c3331\" data-element_type=\"widget\" data-e-type=\"widget\" data-widget_type=\"text-editor.default\">\n\t\t\t\t<div class=\"elementor-widget-container\">\n\t\t\t\t\t\t\t\t\t<h3 style=\"margin-bottom: 0px; text-align: center;\">You wish to be accompanied by La RDE?<\/h3><p style=\"margin-bottom: 0px;\">\u00a0<\/p>\t\t\t\t\t\t\t\t<\/div>\n\t\t\t\t<\/div>\n\t\t\t\t<div class=\"elementor-element elementor-element-de2bfb2 elementor-align-center elementor-widget elementor-widget-button\" data-id=\"de2bfb2\" data-element_type=\"widget\" data-e-type=\"widget\" data-widget_type=\"button.default\">\n\t\t\t\t<div class=\"elementor-widget-container\">\n\t\t\t\t\t\t\t\t\t<div class=\"elementor-button-wrapper\">\n\t\t\t\t\t<a class=\"elementor-button elementor-button-link elementor-size-sm\" href=\"https:\/\/entrepreneursenegal.com\/en\/contact\/\">\n\t\t\t\t\t\t<span class=\"elementor-button-content-wrapper\">\n\t\t\t\t\t\t\t\t\t<span class=\"elementor-button-text\">Let's Talk<\/span>\n\t\t\t\t\t<\/span>\n\t\t\t\t\t<\/a>\n\t\t\t\t<\/div>\n\t\t\t\t\t\t\t\t<\/div>\n\t\t\t\t<\/div>\n\t\t\t\t\t<\/div>\n\t\t<\/div>\n\t\t\t\t\t<\/div>\n\t\t<\/section>\n\t\t\t\t<section class=\"elementor-section elementor-top-section elementor-element elementor-element-9a33528 elementor-section-content-middle elementor-section-boxed elementor-section-height-default elementor-section-height-default\" data-id=\"9a33528\" data-element_type=\"section\" data-e-type=\"section\">\n\t\t\t\t\t\t<div class=\"elementor-container elementor-column-gap-no\">\n\t\t\t\t\t<div class=\"elementor-column elementor-col-50 elementor-top-column elementor-element elementor-element-33b167c\" data-id=\"33b167c\" data-element_type=\"column\" data-e-type=\"column\" data-settings=\"{&quot;background_background&quot;:&quot;classic&quot;}\">\n\t\t\t<div class=\"elementor-widget-wrap elementor-element-populated\">\n\t\t\t\t\t\t<div class=\"elementor-element elementor-element-9ea69a6 elementor-widget elementor-widget-heading\" data-id=\"9ea69a6\" data-element_type=\"widget\" data-e-type=\"widget\" data-widget_type=\"heading.default\">\n\t\t\t\t<div class=\"elementor-widget-container\">\n\t\t\t\t\t<h4 class=\"elementor-heading-title elementor-size-default\">Find us on social medias<\/h4>\t\t\t\t<\/div>\n\t\t\t\t<\/div>\n\t\t\t\t<div class=\"elementor-element elementor-element-3fa8632 elementor-widget elementor-widget-text-editor\" data-id=\"3fa8632\" data-element_type=\"widget\" data-e-type=\"widget\" data-widget_type=\"text-editor.default\">\n\t\t\t\t<div class=\"elementor-widget-container\">\n\t\t\t\t\t\t\t\t\t<p><span style=\"color: #ffffff;\">To keep up to date with our news, visit our various social networks.<\/span><\/p>\t\t\t\t\t\t\t\t<\/div>\n\t\t\t\t<\/div>\n\t\t\t\t\t<\/div>\n\t\t<\/div>\n\t\t\t\t<div class=\"elementor-column elementor-col-50 elementor-top-column elementor-element elementor-element-e367668\" data-id=\"e367668\" data-element_type=\"column\" data-e-type=\"column\" data-settings=\"{&quot;background_background&quot;:&quot;classic&quot;}\">\n\t\t\t<div class=\"elementor-widget-wrap elementor-element-populated\">\n\t\t\t\t\t\t<div class=\"elementor-element elementor-element-238a7ff elementor-shape-circle elementor-grid-0 e-grid-align-center elementor-widget elementor-widget-social-icons\" data-id=\"238a7ff\" data-element_type=\"widget\" data-e-type=\"widget\" data-widget_type=\"social-icons.default\">\n\t\t\t\t<div class=\"elementor-widget-container\">\n\t\t\t\t\t\t\t<div class=\"elementor-social-icons-wrapper elementor-grid\" role=\"list\">\n\t\t\t\t\t\t\t<span class=\"elementor-grid-item\" role=\"listitem\">\n\t\t\t\t\t<a class=\"elementor-icon elementor-social-icon elementor-social-icon-facebook-f elementor-repeater-item-72f6e4b\" href=\"https:\/\/www.facebook.com\/RDEDakar\" target=\"_blank\">\n\t\t\t\t\t\t<span class=\"elementor-screen-only\">Facebook-f<\/span>\n\t\t\t\t\t\t<i aria-hidden=\"true\" class=\"fab fa-facebook-f\"><\/i>\t\t\t\t\t<\/a>\n\t\t\t\t<\/span>\n\t\t\t\t\t\t\t<span class=\"elementor-grid-item\" role=\"listitem\">\n\t\t\t\t\t<a class=\"elementor-icon elementor-social-icon elementor-social-icon-x-twitter elementor-repeater-item-73f8653\" href=\"https:\/\/twitter.com\/RDEDakar\" target=\"_blank\">\n\t\t\t\t\t\t<span class=\"elementor-screen-only\">X-twitter<\/span>\n\t\t\t\t\t\t<i aria-hidden=\"true\" class=\"fab fa-x-twitter\"><\/i>\t\t\t\t\t<\/a>\n\t\t\t\t<\/span>\n\t\t\t\t\t\t\t<span class=\"elementor-grid-item\" role=\"listitem\">\n\t\t\t\t\t<a class=\"elementor-icon elementor-social-icon elementor-social-icon-linkedin elementor-repeater-item-c4716e8\" href=\"https:\/\/www.linkedin.com\/in\/rdedakar\/\" target=\"_blank\">\n\t\t\t\t\t\t<span class=\"elementor-screen-only\">Linkedin<\/span>\n\t\t\t\t\t\t<i aria-hidden=\"true\" class=\"fab fa-linkedin\"><\/i>\t\t\t\t\t<\/a>\n\t\t\t\t<\/span>\n\t\t\t\t\t<\/div>\n\t\t\t\t\t\t<\/div>\n\t\t\t\t<\/div>\n\t\t\t\t<div class=\"elementor-element elementor-element-9e7becb elementor-widget elementor-widget-heading\" data-id=\"9e7becb\" data-element_type=\"widget\" data-e-type=\"widget\" data-widget_type=\"heading.default\">\n\t\t\t\t<div class=\"elementor-widget-container\">\n\t\t\t\t\t<h2 class=\"elementor-heading-title elementor-size-default\">@RDEDAKAR<\/h2>\t\t\t\t<\/div>\n\t\t\t\t<\/div>\n\t\t\t\t\t<\/div>\n\t\t<\/div>\n\t\t\t\t\t<\/div>\n\t\t<\/section>\n\t\t\t\t<\/div>","protected":false},"excerpt":{"rendered":"<p>Service Juridique et Fiscal Structurez solidement votre activit\u00e9 d\u00e8s le d\u00e9part. Chez RDE, nous vous accompagnons dans la cr\u00e9ation, la structuration ou la restructuration juridique de votre entreprise, quel que<span class=\"excerpt-hellip\"> [\u2026]<\/span><\/p>\n","protected":false},"author":1,"featured_media":0,"parent":0,"menu_order":0,"comment_status":"closed","ping_status":"closed","template":"","meta":{"footnotes":""},"class_list":["post-4146","page","type-page","status-publish","hentry"],"yoast_head":"<!-- This site is optimized with the Yoast SEO plugin v27.6 - https:\/\/yoast.com\/product\/yoast-seo-wordpress\/ -->\n<title>Juridique et Fiscal - Entrepreneur S\u00e9n\u00e9gal<\/title>\n<meta name=\"robots\" content=\"index, follow, max-snippet:-1, max-image-preview:large, max-video-preview:-1\" \/>\n<link rel=\"canonical\" href=\"https:\/\/entrepreneursenegal.com\/en\/juridique-et-fiscal\/\" \/>\n<meta property=\"og:locale\" content=\"en_US\" \/>\n<meta property=\"og:type\" content=\"article\" \/>\n<meta property=\"og:title\" content=\"Juridique et Fiscal - Entrepreneur S\u00e9n\u00e9gal\" \/>\n<meta property=\"og:description\" content=\"Service Juridique et Fiscal Structurez solidement votre activit\u00e9 d\u00e8s le d\u00e9part. Chez RDE, nous vous accompagnons dans la cr\u00e9ation, la structuration ou la restructuration juridique de votre entreprise, quel que [\u2026]\" \/>\n<meta property=\"og:url\" content=\"https:\/\/entrepreneursenegal.com\/en\/juridique-et-fiscal\/\" \/>\n<meta property=\"og:site_name\" content=\"Entrepreneur S\u00e9n\u00e9gal\" \/>\n<meta property=\"article:publisher\" content=\"https:\/\/www.facebook.com\/RDEDakar\" \/>\n<meta property=\"article:modified_time\" content=\"2025-08-30T17:55:43+00:00\" \/>\n<meta name=\"twitter:card\" content=\"summary_large_image\" \/>\n<meta name=\"twitter:site\" content=\"@RDEDakar\" \/>\n<meta name=\"twitter:label1\" content=\"Est. reading time\" \/>\n\t<meta name=\"twitter:data1\" content=\"1 minute\" \/>\n<script type=\"application\/ld+json\" class=\"yoast-schema-graph\">{\"@context\":\"https:\\\/\\\/schema.org\",\"@graph\":[{\"@type\":\"WebPage\",\"@id\":\"https:\\\/\\\/entrepreneursenegal.com\\\/juridique-et-fiscal\\\/\",\"url\":\"https:\\\/\\\/entrepreneursenegal.com\\\/juridique-et-fiscal\\\/\",\"name\":\"Juridique et Fiscal - Entrepreneur S\u00e9n\u00e9gal\",\"isPartOf\":{\"@id\":\"https:\\\/\\\/entrepreneursenegal.com\\\/#website\"},\"datePublished\":\"2025-06-03T05:20:06+00:00\",\"dateModified\":\"2025-08-30T17:55:43+00:00\",\"breadcrumb\":{\"@id\":\"https:\\\/\\\/entrepreneursenegal.com\\\/juridique-et-fiscal\\\/#breadcrumb\"},\"inLanguage\":\"en-US\",\"potentialAction\":[{\"@type\":\"ReadAction\",\"target\":[\"https:\\\/\\\/entrepreneursenegal.com\\\/juridique-et-fiscal\\\/\"]}]},{\"@type\":\"BreadcrumbList\",\"@id\":\"https:\\\/\\\/entrepreneursenegal.com\\\/juridique-et-fiscal\\\/#breadcrumb\",\"itemListElement\":[{\"@type\":\"ListItem\",\"position\":1,\"name\":\"Accueil\",\"item\":\"https:\\\/\\\/entrepreneursenegal.com\\\/\"},{\"@type\":\"ListItem\",\"position\":2,\"name\":\"Juridique et Fiscal\"}]},{\"@type\":\"WebSite\",\"@id\":\"https:\\\/\\\/entrepreneursenegal.com\\\/#website\",\"url\":\"https:\\\/\\\/entrepreneursenegal.com\\\/\",\"name\":\"Entrepreneur S\u00e9n\u00e9gal\",\"description\":\"Pour des entrepreneurs par des entrepreneurs\",\"publisher\":{\"@id\":\"https:\\\/\\\/entrepreneursenegal.com\\\/#organization\"},\"potentialAction\":[{\"@type\":\"SearchAction\",\"target\":{\"@type\":\"EntryPoint\",\"urlTemplate\":\"https:\\\/\\\/entrepreneursenegal.com\\\/?s={search_term_string}\"},\"query-input\":{\"@type\":\"PropertyValueSpecification\",\"valueRequired\":true,\"valueName\":\"search_term_string\"}}],\"inLanguage\":\"en-US\"},{\"@type\":\"Organization\",\"@id\":\"https:\\\/\\\/entrepreneursenegal.com\\\/#organization\",\"name\":\"Rencontre des entrepreneurs\",\"url\":\"https:\\\/\\\/entrepreneursenegal.com\\\/\",\"logo\":{\"@type\":\"ImageObject\",\"inLanguage\":\"en-US\",\"@id\":\"https:\\\/\\\/entrepreneursenegal.com\\\/#\\\/schema\\\/logo\\\/image\\\/\",\"url\":\"https:\\\/\\\/entrepreneursenegal.com\\\/wp-content\\\/uploads\\\/2022\\\/02\\\/telechargement.png\",\"contentUrl\":\"https:\\\/\\\/entrepreneursenegal.com\\\/wp-content\\\/uploads\\\/2022\\\/02\\\/telechargement.png\",\"width\":417,\"height\":154,\"caption\":\"Rencontre des entrepreneurs\"},\"image\":{\"@id\":\"https:\\\/\\\/entrepreneursenegal.com\\\/#\\\/schema\\\/logo\\\/image\\\/\"},\"sameAs\":[\"https:\\\/\\\/www.facebook.com\\\/RDEDakar\",\"https:\\\/\\\/x.com\\\/RDEDakar\",\"https:\\\/\\\/www.linkedin.com\\\/company\\\/69477859\"]}]}<\/script>\n<!-- \/ Yoast SEO plugin. -->","yoast_head_json":{"title":"Juridique et Fiscal - Entrepreneur S\u00e9n\u00e9gal","robots":{"index":"index","follow":"follow","max-snippet":"max-snippet:-1","max-image-preview":"max-image-preview:large","max-video-preview":"max-video-preview:-1"},"canonical":"https:\/\/entrepreneursenegal.com\/en\/juridique-et-fiscal\/","og_locale":"en_US","og_type":"article","og_title":"Juridique et Fiscal - Entrepreneur S\u00e9n\u00e9gal","og_description":"Service Juridique et Fiscal Structurez solidement votre activit\u00e9 d\u00e8s le d\u00e9part. Chez RDE, nous vous accompagnons dans la cr\u00e9ation, la structuration ou la restructuration juridique de votre entreprise, quel que [\u2026]","og_url":"https:\/\/entrepreneursenegal.com\/en\/juridique-et-fiscal\/","og_site_name":"Entrepreneur S\u00e9n\u00e9gal","article_publisher":"https:\/\/www.facebook.com\/RDEDakar","article_modified_time":"2025-08-30T17:55:43+00:00","twitter_card":"summary_large_image","twitter_site":"@RDEDakar","twitter_misc":{"Est. reading time":"1 minute"},"schema":{"@context":"https:\/\/schema.org","@graph":[{"@type":"WebPage","@id":"https:\/\/entrepreneursenegal.com\/juridique-et-fiscal\/","url":"https:\/\/entrepreneursenegal.com\/juridique-et-fiscal\/","name":"Juridique et Fiscal - Entrepreneur S\u00e9n\u00e9gal","isPartOf":{"@id":"https:\/\/entrepreneursenegal.com\/#website"},"datePublished":"2025-06-03T05:20:06+00:00","dateModified":"2025-08-30T17:55:43+00:00","breadcrumb":{"@id":"https:\/\/entrepreneursenegal.com\/juridique-et-fiscal\/#breadcrumb"},"inLanguage":"en-US","potentialAction":[{"@type":"ReadAction","target":["https:\/\/entrepreneursenegal.com\/juridique-et-fiscal\/"]}]},{"@type":"BreadcrumbList","@id":"https:\/\/entrepreneursenegal.com\/juridique-et-fiscal\/#breadcrumb","itemListElement":[{"@type":"ListItem","position":1,"name":"Accueil","item":"https:\/\/entrepreneursenegal.com\/"},{"@type":"ListItem","position":2,"name":"Juridique et Fiscal"}]},{"@type":"WebSite","@id":"https:\/\/entrepreneursenegal.com\/#website","url":"https:\/\/entrepreneursenegal.com\/","name":"Entrepreneur S\u00e9n\u00e9gal","description":"Pour des entrepreneurs par des entrepreneurs","publisher":{"@id":"https:\/\/entrepreneursenegal.com\/#organization"},"potentialAction":[{"@type":"SearchAction","target":{"@type":"EntryPoint","urlTemplate":"https:\/\/entrepreneursenegal.com\/?s={search_term_string}"},"query-input":{"@type":"PropertyValueSpecification","valueRequired":true,"valueName":"search_term_string"}}],"inLanguage":"en-US"},{"@type":"Organization","@id":"https:\/\/entrepreneursenegal.com\/#organization","name":"Rencontre des entrepreneurs","url":"https:\/\/entrepreneursenegal.com\/","logo":{"@type":"ImageObject","inLanguage":"en-US","@id":"https:\/\/entrepreneursenegal.com\/#\/schema\/logo\/image\/","url":"https:\/\/entrepreneursenegal.com\/wp-content\/uploads\/2022\/02\/telechargement.png","contentUrl":"https:\/\/entrepreneursenegal.com\/wp-content\/uploads\/2022\/02\/telechargement.png","width":417,"height":154,"caption":"Rencontre des entrepreneurs"},"image":{"@id":"https:\/\/entrepreneursenegal.com\/#\/schema\/logo\/image\/"},"sameAs":["https:\/\/www.facebook.com\/RDEDakar","https:\/\/x.com\/RDEDakar","https:\/\/www.linkedin.com\/company\/69477859"]}]}},"_links":{"self":[{"href":"https:\/\/entrepreneursenegal.com\/en\/wp-json\/wp\/v2\/pages\/4146","targetHints":{"allow":["GET"]}}],"collection":[{"href":"https:\/\/entrepreneursenegal.com\/en\/wp-json\/wp\/v2\/pages"}],"about":[{"href":"https:\/\/entrepreneursenegal.com\/en\/wp-json\/wp\/v2\/types\/page"}],"author":[{"embeddable":true,"href":"https:\/\/entrepreneursenegal.com\/en\/wp-json\/wp\/v2\/users\/1"}],"replies":[{"embeddable":true,"href":"https:\/\/entrepreneursenegal.com\/en\/wp-json\/wp\/v2\/comments?post=4146"}],"version-history":[{"count":22,"href":"https:\/\/entrepreneursenegal.com\/en\/wp-json\/wp\/v2\/pages\/4146\/revisions"}],"predecessor-version":[{"id":4567,"href":"https:\/\/entrepreneursenegal.com\/en\/wp-json\/wp\/v2\/pages\/4146\/revisions\/4567"}],"wp:attachment":[{"href":"https:\/\/entrepreneursenegal.com\/en\/wp-json\/wp\/v2\/media?parent=4146"}],"curies":[{"name":"wp","href":"https:\/\/api.w.org\/{rel}","templated":true}]}}