{"id":4148,"date":"2025-06-03T06:21:26","date_gmt":"2025-06-03T05:21:26","guid":{"rendered":"https:\/\/entrepreneursenegal.com\/?page_id=4148"},"modified":"2025-08-30T18:56:47","modified_gmt":"2025-08-30T17:56:47","slug":"gestion-finance","status":"publish","type":"page","link":"https:\/\/entrepreneursenegal.com\/en\/gestion-finance\/","title":{"rendered":"Gestion &amp; Finance"},"content":{"rendered":"<div data-elementor-type=\"wp-page\" data-elementor-id=\"4148\" class=\"elementor elementor-4148\">\n\t\t\t\t\t\t<section class=\"elementor-section elementor-top-section elementor-element elementor-element-c0c794d elementor-section-stretched elementor-section-boxed elementor-section-height-default elementor-section-height-default\" data-id=\"c0c794d\" data-element_type=\"section\" data-e-type=\"section\" data-settings=\"{&quot;stretch_section&quot;:&quot;section-stretched&quot;,&quot;background_background&quot;:&quot;classic&quot;}\">\n\t\t\t\t\t\t\t<div class=\"elementor-background-overlay\"><\/div>\n\t\t\t\t\t\t\t<div class=\"elementor-container elementor-column-gap-wider\">\n\t\t\t\t\t<div class=\"elementor-column elementor-col-100 elementor-top-column elementor-element elementor-element-0f54a14\" data-id=\"0f54a14\" data-element_type=\"column\" data-e-type=\"column\">\n\t\t\t<div class=\"elementor-widget-wrap elementor-element-populated\">\n\t\t\t\t\t\t<div class=\"elementor-element elementor-element-32cb6cd elementor-widget elementor-widget-heading\" data-id=\"32cb6cd\" data-element_type=\"widget\" data-e-type=\"widget\" data-widget_type=\"heading.default\">\n\t\t\t\t<div class=\"elementor-widget-container\">\n\t\t\t\t\t<h2 class=\"elementor-heading-title elementor-size-default\">GESTION ET FINANCE <\/h2>\t\t\t\t<\/div>\n\t\t\t\t<\/div>\n\t\t\t\t\t<\/div>\n\t\t<\/div>\n\t\t\t\t\t<\/div>\n\t\t<\/section>\n\t\t\t\t<section class=\"elementor-section elementor-top-section elementor-element elementor-element-c091525 elementor-section-boxed elementor-section-height-default elementor-section-height-default\" data-id=\"c091525\" data-element_type=\"section\" data-e-type=\"section\">\n\t\t\t\t\t\t<div class=\"elementor-container elementor-column-gap-default\">\n\t\t\t\t\t<div class=\"elementor-column elementor-col-100 elementor-top-column elementor-element elementor-element-dae0250\" data-id=\"dae0250\" data-element_type=\"column\" data-e-type=\"column\">\n\t\t\t<div class=\"elementor-widget-wrap elementor-element-populated\">\n\t\t\t\t\t\t<div class=\"elementor-element elementor-element-f3fe198 elementor-widget elementor-widget-text-editor\" data-id=\"f3fe198\" data-element_type=\"widget\" data-e-type=\"widget\" data-widget_type=\"text-editor.default\">\n\t\t\t\t<div class=\"elementor-widget-container\">\n\t\t\t\t\t\t\t\t\t<h3>Pilotez votre activit\u00e9 avec des donn\u00e9es fiables et des outils de performance.<\/h3><p>Une bonne gestion financi\u00e8re est la colonne vert\u00e9brale de toute entreprise p\u00e9renne. Nos consultants vous \u00e9paulent dans l\u2019analyse de vos flux, l\u2019optimisation de vos co\u00fbts et l\u2019\u00e9laboration de pr\u00e9visionnels financiers sur mesure.<\/p>\t\t\t\t\t\t\t\t<\/div>\n\t\t\t\t<\/div>\n\t\t\t\t\t<\/div>\n\t\t<\/div>\n\t\t\t\t\t<\/div>\n\t\t<\/section>\n\t\t\t\t<section class=\"elementor-section elementor-top-section elementor-element elementor-element-9cef1a2 elementor-section-boxed elementor-section-height-default elementor-section-height-default\" data-id=\"9cef1a2\" data-element_type=\"section\" data-e-type=\"section\">\n\t\t\t\t\t\t<div class=\"elementor-container elementor-column-gap-default\">\n\t\t\t\t\t<div class=\"elementor-column elementor-col-100 elementor-top-column elementor-element elementor-element-7847ee0\" data-id=\"7847ee0\" data-element_type=\"column\" data-e-type=\"column\">\n\t\t\t<div class=\"elementor-widget-wrap elementor-element-populated\">\n\t\t\t\t\t\t<div class=\"elementor-element elementor-element-37bdafc elementor-widget elementor-widget-text-editor\" data-id=\"37bdafc\" data-element_type=\"widget\" data-e-type=\"widget\" data-widget_type=\"text-editor.default\">\n\t\t\t\t<div class=\"elementor-widget-container\">\n\t\t\t\t\t\t\t\t\t<h3>Nos prestations :<\/h3><ul><li>Mod\u00e9lisation de vos pr\u00e9visionnels financiers dans le cadre d\u2019un business plan solide et r\u00e9aliste (pr\u00e9sentation banque et fonds d\u2019investissement).<\/li><li>Contr\u00f4le de gestion : analyse de la structure des co\u00fbts, des marges, et \u00e9tablissement de budgets suivis dans le temps.<\/li><li>\u00c9laboration de fichiers de suivi de tr\u00e9sorerie extra-comptables pour anticiper les tensions financi\u00e8res.<\/li><li>Mise en place d\u2019outils de gestion simples et efficaces pour suivre vos indicateurs cl\u00e9s (KPI).<\/li><\/ul>\t\t\t\t\t\t\t\t<\/div>\n\t\t\t\t<\/div>\n\t\t\t\t\t<\/div>\n\t\t<\/div>\n\t\t\t\t\t<\/div>\n\t\t<\/section>\n\t\t\t\t<section class=\"elementor-section elementor-top-section elementor-element elementor-element-8f99f74 elementor-section-boxed elementor-section-height-default elementor-section-height-default\" data-id=\"8f99f74\" data-element_type=\"section\" data-e-type=\"section\">\n\t\t\t\t\t\t<div class=\"elementor-container elementor-column-gap-default\">\n\t\t\t\t\t<div class=\"elementor-column elementor-col-100 elementor-top-column elementor-element elementor-element-b41b384\" data-id=\"b41b384\" data-element_type=\"column\" data-e-type=\"column\">\n\t\t\t<div class=\"elementor-widget-wrap elementor-element-populated\">\n\t\t\t\t\t\t<div class=\"elementor-element elementor-element-f154459 elementor-widget-divider--separator-type-pattern elementor-widget-divider--no-spacing elementor-widget-divider--view-line elementor-widget elementor-widget-divider\" data-id=\"f154459\" data-element_type=\"widget\" data-e-type=\"widget\" data-widget_type=\"divider.default\">\n\t\t\t\t<div class=\"elementor-widget-container\">\n\t\t\t\t\t\t\t<div class=\"elementor-divider\" style=\"--divider-pattern-url: url(&quot;data:image\/svg+xml,%3Csvg xmlns=&#039;http:\/\/www.w3.org\/2000\/svg&#039; preserveAspectRatio=&#039;none&#039; overflow=&#039;visible&#039; height=&#039;100%&#039; viewBox=&#039;0 0 24 24&#039; fill=&#039;black&#039; stroke=&#039;none&#039;%3E%3Cpath d=&#039;M24,8v12H0V8H24z M24,4v1H0V4H24z&#039;\/%3E%3C\/svg%3E&quot;);\">\n\t\t\t<span class=\"elementor-divider-separator\">\n\t\t\t\t\t\t<\/span>\n\t\t<\/div>\n\t\t\t\t\t\t<\/div>\n\t\t\t\t<\/div>\n\t\t\t\t\t<\/div>\n\t\t<\/div>\n\t\t\t\t\t<\/div>\n\t\t<\/section>\n\t\t\t\t<section class=\"elementor-section elementor-top-section elementor-element elementor-element-2669d3f elementor-section-boxed elementor-section-height-default elementor-section-height-default\" data-id=\"2669d3f\" data-element_type=\"section\" data-e-type=\"section\">\n\t\t\t\t\t\t<div class=\"elementor-container elementor-column-gap-default\">\n\t\t\t\t\t<div class=\"elementor-column elementor-col-100 elementor-top-column elementor-element elementor-element-63dc165\" data-id=\"63dc165\" data-element_type=\"column\" data-e-type=\"column\">\n\t\t\t<div class=\"elementor-widget-wrap elementor-element-populated\">\n\t\t\t\t\t\t<div class=\"elementor-element elementor-element-1a830bb elementor-widget elementor-widget-text-editor\" data-id=\"1a830bb\" data-element_type=\"widget\" data-e-type=\"widget\" data-widget_type=\"text-editor.default\">\n\t\t\t\t<div class=\"elementor-widget-container\">\n\t\t\t\t\t\t\t\t\t<h3 style=\"margin-bottom: 0px; text-align: center;\">You wish to be accompanied by La RDE?<\/h3><p style=\"margin-bottom: 0px;\">\u00a0<\/p>\t\t\t\t\t\t\t\t<\/div>\n\t\t\t\t<\/div>\n\t\t\t\t<div class=\"elementor-element elementor-element-5c3c9c4 elementor-align-center elementor-widget elementor-widget-button\" data-id=\"5c3c9c4\" data-element_type=\"widget\" data-e-type=\"widget\" data-widget_type=\"button.default\">\n\t\t\t\t<div class=\"elementor-widget-container\">\n\t\t\t\t\t\t\t\t\t<div class=\"elementor-button-wrapper\">\n\t\t\t\t\t<a class=\"elementor-button elementor-button-link elementor-size-sm\" href=\"https:\/\/entrepreneursenegal.com\/en\/contact\/\">\n\t\t\t\t\t\t<span class=\"elementor-button-content-wrapper\">\n\t\t\t\t\t\t\t\t\t<span class=\"elementor-button-text\">Let's Talk<\/span>\n\t\t\t\t\t<\/span>\n\t\t\t\t\t<\/a>\n\t\t\t\t<\/div>\n\t\t\t\t\t\t\t\t<\/div>\n\t\t\t\t<\/div>\n\t\t\t\t\t<\/div>\n\t\t<\/div>\n\t\t\t\t\t<\/div>\n\t\t<\/section>\n\t\t\t\t<section class=\"elementor-section elementor-top-section elementor-element elementor-element-70c89cc elementor-section-content-middle elementor-section-boxed elementor-section-height-default elementor-section-height-default\" data-id=\"70c89cc\" data-element_type=\"section\" data-e-type=\"section\">\n\t\t\t\t\t\t<div class=\"elementor-container elementor-column-gap-no\">\n\t\t\t\t\t<div class=\"elementor-column elementor-col-50 elementor-top-column elementor-element elementor-element-390f71a\" data-id=\"390f71a\" data-element_type=\"column\" data-e-type=\"column\" data-settings=\"{&quot;background_background&quot;:&quot;classic&quot;}\">\n\t\t\t<div class=\"elementor-widget-wrap elementor-element-populated\">\n\t\t\t\t\t\t<div class=\"elementor-element elementor-element-1ab61ca elementor-widget elementor-widget-heading\" data-id=\"1ab61ca\" data-element_type=\"widget\" data-e-type=\"widget\" data-widget_type=\"heading.default\">\n\t\t\t\t<div class=\"elementor-widget-container\">\n\t\t\t\t\t<h4 class=\"elementor-heading-title elementor-size-default\">Find us on social medias<\/h4>\t\t\t\t<\/div>\n\t\t\t\t<\/div>\n\t\t\t\t<div class=\"elementor-element elementor-element-3ec1c83 elementor-widget elementor-widget-text-editor\" data-id=\"3ec1c83\" data-element_type=\"widget\" data-e-type=\"widget\" data-widget_type=\"text-editor.default\">\n\t\t\t\t<div class=\"elementor-widget-container\">\n\t\t\t\t\t\t\t\t\t<p><span style=\"color: #ffffff;\">To keep up to date with our news, visit our various social networks.<\/span><\/p>\t\t\t\t\t\t\t\t<\/div>\n\t\t\t\t<\/div>\n\t\t\t\t\t<\/div>\n\t\t<\/div>\n\t\t\t\t<div class=\"elementor-column elementor-col-50 elementor-top-column elementor-element elementor-element-1f59b47\" data-id=\"1f59b47\" data-element_type=\"column\" data-e-type=\"column\" data-settings=\"{&quot;background_background&quot;:&quot;classic&quot;}\">\n\t\t\t<div class=\"elementor-widget-wrap elementor-element-populated\">\n\t\t\t\t\t\t<div class=\"elementor-element elementor-element-d6dcfde elementor-shape-circle elementor-grid-0 e-grid-align-center elementor-widget elementor-widget-social-icons\" data-id=\"d6dcfde\" data-element_type=\"widget\" data-e-type=\"widget\" data-widget_type=\"social-icons.default\">\n\t\t\t\t<div class=\"elementor-widget-container\">\n\t\t\t\t\t\t\t<div class=\"elementor-social-icons-wrapper elementor-grid\" role=\"list\">\n\t\t\t\t\t\t\t<span class=\"elementor-grid-item\" role=\"listitem\">\n\t\t\t\t\t<a class=\"elementor-icon elementor-social-icon elementor-social-icon-facebook-f elementor-repeater-item-72f6e4b\" href=\"https:\/\/www.facebook.com\/RDEDakar\" target=\"_blank\">\n\t\t\t\t\t\t<span class=\"elementor-screen-only\">Facebook-f<\/span>\n\t\t\t\t\t\t<i aria-hidden=\"true\" class=\"fab fa-facebook-f\"><\/i>\t\t\t\t\t<\/a>\n\t\t\t\t<\/span>\n\t\t\t\t\t\t\t<span class=\"elementor-grid-item\" role=\"listitem\">\n\t\t\t\t\t<a class=\"elementor-icon elementor-social-icon elementor-social-icon-x-twitter elementor-repeater-item-73f8653\" href=\"https:\/\/twitter.com\/RDEDakar\" target=\"_blank\">\n\t\t\t\t\t\t<span class=\"elementor-screen-only\">X-twitter<\/span>\n\t\t\t\t\t\t<i aria-hidden=\"true\" class=\"fab fa-x-twitter\"><\/i>\t\t\t\t\t<\/a>\n\t\t\t\t<\/span>\n\t\t\t\t\t\t\t<span class=\"elementor-grid-item\" role=\"listitem\">\n\t\t\t\t\t<a class=\"elementor-icon elementor-social-icon elementor-social-icon-linkedin elementor-repeater-item-c4716e8\" href=\"https:\/\/www.linkedin.com\/in\/rdedakar\/\" target=\"_blank\">\n\t\t\t\t\t\t<span class=\"elementor-screen-only\">Linkedin<\/span>\n\t\t\t\t\t\t<i aria-hidden=\"true\" class=\"fab fa-linkedin\"><\/i>\t\t\t\t\t<\/a>\n\t\t\t\t<\/span>\n\t\t\t\t\t<\/div>\n\t\t\t\t\t\t<\/div>\n\t\t\t\t<\/div>\n\t\t\t\t<div class=\"elementor-element elementor-element-85f28a9 elementor-widget elementor-widget-heading\" data-id=\"85f28a9\" data-element_type=\"widget\" data-e-type=\"widget\" data-widget_type=\"heading.default\">\n\t\t\t\t<div class=\"elementor-widget-container\">\n\t\t\t\t\t<h2 class=\"elementor-heading-title elementor-size-default\">@RDEDAKAR<\/h2>\t\t\t\t<\/div>\n\t\t\t\t<\/div>\n\t\t\t\t\t<\/div>\n\t\t<\/div>\n\t\t\t\t\t<\/div>\n\t\t<\/section>\n\t\t\t\t<\/div>","protected":false},"excerpt":{"rendered":"<p>GESTION ET FINANCE Pilotez votre activit\u00e9 avec des donn\u00e9es fiables et des outils de performance. Une bonne gestion financi\u00e8re est la colonne vert\u00e9brale de toute entreprise p\u00e9renne. Nos consultants vous<span class=\"excerpt-hellip\"> [\u2026]<\/span><\/p>\n","protected":false},"author":1,"featured_media":0,"parent":0,"menu_order":0,"comment_status":"closed","ping_status":"closed","template":"","meta":{"footnotes":""},"class_list":["post-4148","page","type-page","status-publish","hentry"],"yoast_head":"<!-- This site is optimized with the Yoast SEO plugin v27.5 - https:\/\/yoast.com\/product\/yoast-seo-wordpress\/ -->\n<title>Gestion &amp; Finance - Entrepreneur S\u00e9n\u00e9gal<\/title>\n<meta name=\"robots\" content=\"index, follow, max-snippet:-1, max-image-preview:large, max-video-preview:-1\" \/>\n<link rel=\"canonical\" href=\"https:\/\/entrepreneursenegal.com\/en\/gestion-finance\/\" \/>\n<meta property=\"og:locale\" content=\"en_US\" \/>\n<meta property=\"og:type\" content=\"article\" \/>\n<meta property=\"og:title\" content=\"Gestion &amp; Finance - Entrepreneur S\u00e9n\u00e9gal\" \/>\n<meta property=\"og:description\" content=\"GESTION ET FINANCE Pilotez votre activit\u00e9 avec des donn\u00e9es fiables et des outils de performance. Une bonne gestion financi\u00e8re est la colonne vert\u00e9brale de toute entreprise p\u00e9renne. Nos consultants vous [\u2026]\" \/>\n<meta property=\"og:url\" content=\"https:\/\/entrepreneursenegal.com\/en\/gestion-finance\/\" \/>\n<meta property=\"og:site_name\" content=\"Entrepreneur S\u00e9n\u00e9gal\" \/>\n<meta property=\"article:publisher\" content=\"https:\/\/www.facebook.com\/RDEDakar\" \/>\n<meta property=\"article:modified_time\" content=\"2025-08-30T17:56:47+00:00\" \/>\n<meta name=\"twitter:card\" content=\"summary_large_image\" \/>\n<meta name=\"twitter:site\" content=\"@RDEDakar\" \/>\n<meta name=\"twitter:label1\" content=\"Est. reading time\" \/>\n\t<meta name=\"twitter:data1\" content=\"1 minute\" \/>\n<script type=\"application\/ld+json\" class=\"yoast-schema-graph\">{\"@context\":\"https:\\\/\\\/schema.org\",\"@graph\":[{\"@type\":\"WebPage\",\"@id\":\"https:\\\/\\\/entrepreneursenegal.com\\\/gestion-finance\\\/\",\"url\":\"https:\\\/\\\/entrepreneursenegal.com\\\/gestion-finance\\\/\",\"name\":\"Gestion &amp; Finance - Entrepreneur S\u00e9n\u00e9gal\",\"isPartOf\":{\"@id\":\"https:\\\/\\\/entrepreneursenegal.com\\\/#website\"},\"datePublished\":\"2025-06-03T05:21:26+00:00\",\"dateModified\":\"2025-08-30T17:56:47+00:00\",\"breadcrumb\":{\"@id\":\"https:\\\/\\\/entrepreneursenegal.com\\\/gestion-finance\\\/#breadcrumb\"},\"inLanguage\":\"en-US\",\"potentialAction\":[{\"@type\":\"ReadAction\",\"target\":[\"https:\\\/\\\/entrepreneursenegal.com\\\/gestion-finance\\\/\"]}]},{\"@type\":\"BreadcrumbList\",\"@id\":\"https:\\\/\\\/entrepreneursenegal.com\\\/gestion-finance\\\/#breadcrumb\",\"itemListElement\":[{\"@type\":\"ListItem\",\"position\":1,\"name\":\"Accueil\",\"item\":\"https:\\\/\\\/entrepreneursenegal.com\\\/\"},{\"@type\":\"ListItem\",\"position\":2,\"name\":\"Gestion &amp; Finance\"}]},{\"@type\":\"WebSite\",\"@id\":\"https:\\\/\\\/entrepreneursenegal.com\\\/#website\",\"url\":\"https:\\\/\\\/entrepreneursenegal.com\\\/\",\"name\":\"Entrepreneur S\u00e9n\u00e9gal\",\"description\":\"Pour des entrepreneurs par des entrepreneurs\",\"publisher\":{\"@id\":\"https:\\\/\\\/entrepreneursenegal.com\\\/#organization\"},\"potentialAction\":[{\"@type\":\"SearchAction\",\"target\":{\"@type\":\"EntryPoint\",\"urlTemplate\":\"https:\\\/\\\/entrepreneursenegal.com\\\/?s={search_term_string}\"},\"query-input\":{\"@type\":\"PropertyValueSpecification\",\"valueRequired\":true,\"valueName\":\"search_term_string\"}}],\"inLanguage\":\"en-US\"},{\"@type\":\"Organization\",\"@id\":\"https:\\\/\\\/entrepreneursenegal.com\\\/#organization\",\"name\":\"Rencontre des entrepreneurs\",\"url\":\"https:\\\/\\\/entrepreneursenegal.com\\\/\",\"logo\":{\"@type\":\"ImageObject\",\"inLanguage\":\"en-US\",\"@id\":\"https:\\\/\\\/entrepreneursenegal.com\\\/#\\\/schema\\\/logo\\\/image\\\/\",\"url\":\"https:\\\/\\\/entrepreneursenegal.com\\\/wp-content\\\/uploads\\\/2022\\\/02\\\/telechargement.png\",\"contentUrl\":\"https:\\\/\\\/entrepreneursenegal.com\\\/wp-content\\\/uploads\\\/2022\\\/02\\\/telechargement.png\",\"width\":417,\"height\":154,\"caption\":\"Rencontre des entrepreneurs\"},\"image\":{\"@id\":\"https:\\\/\\\/entrepreneursenegal.com\\\/#\\\/schema\\\/logo\\\/image\\\/\"},\"sameAs\":[\"https:\\\/\\\/www.facebook.com\\\/RDEDakar\",\"https:\\\/\\\/x.com\\\/RDEDakar\",\"https:\\\/\\\/www.linkedin.com\\\/company\\\/69477859\"]}]}<\/script>\n<!-- \/ Yoast SEO plugin. -->","yoast_head_json":{"title":"Gestion &amp; Finance - Entrepreneur S\u00e9n\u00e9gal","robots":{"index":"index","follow":"follow","max-snippet":"max-snippet:-1","max-image-preview":"max-image-preview:large","max-video-preview":"max-video-preview:-1"},"canonical":"https:\/\/entrepreneursenegal.com\/en\/gestion-finance\/","og_locale":"en_US","og_type":"article","og_title":"Gestion &amp; Finance - Entrepreneur S\u00e9n\u00e9gal","og_description":"GESTION ET FINANCE Pilotez votre activit\u00e9 avec des donn\u00e9es fiables et des outils de performance. Une bonne gestion financi\u00e8re est la colonne vert\u00e9brale de toute entreprise p\u00e9renne. Nos consultants vous [\u2026]","og_url":"https:\/\/entrepreneursenegal.com\/en\/gestion-finance\/","og_site_name":"Entrepreneur S\u00e9n\u00e9gal","article_publisher":"https:\/\/www.facebook.com\/RDEDakar","article_modified_time":"2025-08-30T17:56:47+00:00","twitter_card":"summary_large_image","twitter_site":"@RDEDakar","twitter_misc":{"Est. reading time":"1 minute"},"schema":{"@context":"https:\/\/schema.org","@graph":[{"@type":"WebPage","@id":"https:\/\/entrepreneursenegal.com\/gestion-finance\/","url":"https:\/\/entrepreneursenegal.com\/gestion-finance\/","name":"Gestion &amp; Finance - Entrepreneur S\u00e9n\u00e9gal","isPartOf":{"@id":"https:\/\/entrepreneursenegal.com\/#website"},"datePublished":"2025-06-03T05:21:26+00:00","dateModified":"2025-08-30T17:56:47+00:00","breadcrumb":{"@id":"https:\/\/entrepreneursenegal.com\/gestion-finance\/#breadcrumb"},"inLanguage":"en-US","potentialAction":[{"@type":"ReadAction","target":["https:\/\/entrepreneursenegal.com\/gestion-finance\/"]}]},{"@type":"BreadcrumbList","@id":"https:\/\/entrepreneursenegal.com\/gestion-finance\/#breadcrumb","itemListElement":[{"@type":"ListItem","position":1,"name":"Accueil","item":"https:\/\/entrepreneursenegal.com\/"},{"@type":"ListItem","position":2,"name":"Gestion &amp; Finance"}]},{"@type":"WebSite","@id":"https:\/\/entrepreneursenegal.com\/#website","url":"https:\/\/entrepreneursenegal.com\/","name":"Entrepreneur S\u00e9n\u00e9gal","description":"Pour des entrepreneurs par des entrepreneurs","publisher":{"@id":"https:\/\/entrepreneursenegal.com\/#organization"},"potentialAction":[{"@type":"SearchAction","target":{"@type":"EntryPoint","urlTemplate":"https:\/\/entrepreneursenegal.com\/?s={search_term_string}"},"query-input":{"@type":"PropertyValueSpecification","valueRequired":true,"valueName":"search_term_string"}}],"inLanguage":"en-US"},{"@type":"Organization","@id":"https:\/\/entrepreneursenegal.com\/#organization","name":"Rencontre des entrepreneurs","url":"https:\/\/entrepreneursenegal.com\/","logo":{"@type":"ImageObject","inLanguage":"en-US","@id":"https:\/\/entrepreneursenegal.com\/#\/schema\/logo\/image\/","url":"https:\/\/entrepreneursenegal.com\/wp-content\/uploads\/2022\/02\/telechargement.png","contentUrl":"https:\/\/entrepreneursenegal.com\/wp-content\/uploads\/2022\/02\/telechargement.png","width":417,"height":154,"caption":"Rencontre des entrepreneurs"},"image":{"@id":"https:\/\/entrepreneursenegal.com\/#\/schema\/logo\/image\/"},"sameAs":["https:\/\/www.facebook.com\/RDEDakar","https:\/\/x.com\/RDEDakar","https:\/\/www.linkedin.com\/company\/69477859"]}]}},"_links":{"self":[{"href":"https:\/\/entrepreneursenegal.com\/en\/wp-json\/wp\/v2\/pages\/4148","targetHints":{"allow":["GET"]}}],"collection":[{"href":"https:\/\/entrepreneursenegal.com\/en\/wp-json\/wp\/v2\/pages"}],"about":[{"href":"https:\/\/entrepreneursenegal.com\/en\/wp-json\/wp\/v2\/types\/page"}],"author":[{"embeddable":true,"href":"https:\/\/entrepreneursenegal.com\/en\/wp-json\/wp\/v2\/users\/1"}],"replies":[{"embeddable":true,"href":"https:\/\/entrepreneursenegal.com\/en\/wp-json\/wp\/v2\/comments?post=4148"}],"version-history":[{"count":16,"href":"https:\/\/entrepreneursenegal.com\/en\/wp-json\/wp\/v2\/pages\/4148\/revisions"}],"predecessor-version":[{"id":4570,"href":"https:\/\/entrepreneursenegal.com\/en\/wp-json\/wp\/v2\/pages\/4148\/revisions\/4570"}],"wp:attachment":[{"href":"https:\/\/entrepreneursenegal.com\/en\/wp-json\/wp\/v2\/media?parent=4148"}],"curies":[{"name":"wp","href":"https:\/\/api.w.org\/{rel}","templated":true}]}}