{"id":4150,"date":"2025-06-03T06:21:53","date_gmt":"2025-06-03T05:21:53","guid":{"rendered":"https:\/\/entrepreneursenegal.com\/?page_id=4150"},"modified":"2025-08-30T18:59:33","modified_gmt":"2025-08-30T17:59:33","slug":"levee-de-fonds-2","status":"publish","type":"page","link":"https:\/\/entrepreneursenegal.com\/en\/levee-de-fonds-2\/","title":{"rendered":"Lev\u00e9e de Fonds"},"content":{"rendered":"<div data-elementor-type=\"wp-page\" data-elementor-id=\"4150\" class=\"elementor elementor-4150\">\n\t\t\t\t\t\t<section class=\"elementor-section elementor-top-section elementor-element elementor-element-7aa8077 elementor-section-stretched elementor-section-boxed elementor-section-height-default elementor-section-height-default\" data-id=\"7aa8077\" data-element_type=\"section\" data-e-type=\"section\" data-settings=\"{&quot;stretch_section&quot;:&quot;section-stretched&quot;,&quot;background_background&quot;:&quot;classic&quot;}\">\n\t\t\t\t\t\t\t<div class=\"elementor-background-overlay\"><\/div>\n\t\t\t\t\t\t\t<div class=\"elementor-container elementor-column-gap-wider\">\n\t\t\t\t\t<div class=\"elementor-column elementor-col-100 elementor-top-column elementor-element elementor-element-bd6704e\" data-id=\"bd6704e\" data-element_type=\"column\" data-e-type=\"column\">\n\t\t\t<div class=\"elementor-widget-wrap elementor-element-populated\">\n\t\t\t\t\t\t<div class=\"elementor-element elementor-element-3d19294 elementor-widget elementor-widget-heading\" data-id=\"3d19294\" data-element_type=\"widget\" data-e-type=\"widget\" data-widget_type=\"heading.default\">\n\t\t\t\t<div class=\"elementor-widget-container\">\n\t\t\t\t\t<h2 class=\"elementor-heading-title elementor-size-default\">LEV\u00e9e DE FONDS<\/h2>\t\t\t\t<\/div>\n\t\t\t\t<\/div>\n\t\t\t\t<div class=\"elementor-element elementor-element-af9133c elementor-widget elementor-widget-heading\" data-id=\"af9133c\" data-element_type=\"widget\" data-e-type=\"widget\" data-widget_type=\"heading.default\">\n\t\t\t\t<div class=\"elementor-widget-container\">\n\t\t\t\t\t<h2 class=\"elementor-heading-title elementor-size-default\">(Formule ELITE uniquement)<\/h2>\t\t\t\t<\/div>\n\t\t\t\t<\/div>\n\t\t\t\t\t<\/div>\n\t\t<\/div>\n\t\t\t\t\t<\/div>\n\t\t<\/section>\n\t\t\t\t<section class=\"elementor-section elementor-top-section elementor-element elementor-element-cdde2e6 elementor-section-boxed elementor-section-height-default elementor-section-height-default\" data-id=\"cdde2e6\" data-element_type=\"section\" data-e-type=\"section\">\n\t\t\t\t\t\t<div class=\"elementor-container elementor-column-gap-default\">\n\t\t\t\t\t<div class=\"elementor-column elementor-col-100 elementor-top-column elementor-element elementor-element-55efcbc\" data-id=\"55efcbc\" data-element_type=\"column\" data-e-type=\"column\">\n\t\t\t<div class=\"elementor-widget-wrap elementor-element-populated\">\n\t\t\t\t\t\t<div class=\"elementor-element elementor-element-8a09fa7 elementor-widget elementor-widget-text-editor\" data-id=\"8a09fa7\" data-element_type=\"widget\" data-e-type=\"widget\" data-widget_type=\"text-editor.default\">\n\t\t\t\t<div class=\"elementor-widget-container\">\n\t\t\t\t\t\t\t\t\t<h3>Pr\u00e9parez-vous \u00e0 s\u00e9duire les investisseurs.<\/h3><p>Lever des fonds ne s\u2019improvise pas : cela se construit. RDE vous accompagne de A \u00e0 Z dans cette aventure exigeante, en vous aidant \u00e0 valoriser votre projet et \u00e0 structurer les n\u00e9gociations avec des investisseurs.<\/p>\t\t\t\t\t\t\t\t<\/div>\n\t\t\t\t<\/div>\n\t\t\t\t\t<\/div>\n\t\t<\/div>\n\t\t\t\t\t<\/div>\n\t\t<\/section>\n\t\t\t\t<section class=\"elementor-section elementor-top-section elementor-element elementor-element-e6ed761 elementor-section-boxed elementor-section-height-default elementor-section-height-default\" data-id=\"e6ed761\" data-element_type=\"section\" data-e-type=\"section\" data-settings=\"{&quot;background_background&quot;:&quot;classic&quot;}\">\n\t\t\t\t\t\t<div class=\"elementor-container elementor-column-gap-default\">\n\t\t\t\t\t<div class=\"elementor-column elementor-col-100 elementor-top-column elementor-element elementor-element-d0580a2\" data-id=\"d0580a2\" data-element_type=\"column\" data-e-type=\"column\">\n\t\t\t<div class=\"elementor-widget-wrap elementor-element-populated\">\n\t\t\t\t\t\t<div class=\"elementor-element elementor-element-d5d98dc elementor-widget elementor-widget-text-editor\" data-id=\"d5d98dc\" data-element_type=\"widget\" data-e-type=\"widget\" data-widget_type=\"text-editor.default\">\n\t\t\t\t<div class=\"elementor-widget-container\">\n\t\t\t\t\t\t\t\t\t<h3>Notre accompagnement :<\/h3><ul><li>Aide \u00e0 la recherche de financement : mise en relation, s\u00e9lection d\u2019investisseurs strat\u00e9giques.<\/li><li>Pr\u00e9paration aux due diligences : structuration de l&rsquo;information financi\u00e8re, juridique et op\u00e9rationnelle.<\/li><li>N\u00e9gociation et compr\u00e9hension des Term Sheets : on d\u00e9crypte pour vous les clauses cl\u00e9s.<\/li><li>Calcul de valorisation financi\u00e8re et conseil dans la d\u00e9termination d\u2019un captable.<\/li><li>Construction de mod\u00e8les financiers robustes pour renforcer la cr\u00e9dibilit\u00e9 de votre dossier. (banque &amp; fonds d\u2019investissement)<\/li><\/ul>\t\t\t\t\t\t\t\t<\/div>\n\t\t\t\t<\/div>\n\t\t\t\t\t<\/div>\n\t\t<\/div>\n\t\t\t\t\t<\/div>\n\t\t<\/section>\n\t\t\t\t<section class=\"elementor-section elementor-top-section elementor-element elementor-element-f9b9433 elementor-section-boxed elementor-section-height-default elementor-section-height-default\" data-id=\"f9b9433\" data-element_type=\"section\" data-e-type=\"section\">\n\t\t\t\t\t\t<div class=\"elementor-container elementor-column-gap-default\">\n\t\t\t\t\t<div class=\"elementor-column elementor-col-100 elementor-top-column elementor-element elementor-element-d38f51a\" data-id=\"d38f51a\" data-element_type=\"column\" data-e-type=\"column\">\n\t\t\t<div class=\"elementor-widget-wrap elementor-element-populated\">\n\t\t\t\t\t\t<div class=\"elementor-element elementor-element-31a2e5f elementor-widget-divider--separator-type-pattern elementor-widget-divider--no-spacing elementor-widget-divider--view-line elementor-widget elementor-widget-divider\" data-id=\"31a2e5f\" data-element_type=\"widget\" data-e-type=\"widget\" data-widget_type=\"divider.default\">\n\t\t\t\t<div class=\"elementor-widget-container\">\n\t\t\t\t\t\t\t<div class=\"elementor-divider\" style=\"--divider-pattern-url: url(&quot;data:image\/svg+xml,%3Csvg xmlns=&#039;http:\/\/www.w3.org\/2000\/svg&#039; preserveAspectRatio=&#039;none&#039; overflow=&#039;visible&#039; height=&#039;100%&#039; viewBox=&#039;0 0 24 24&#039; fill=&#039;black&#039; stroke=&#039;none&#039;%3E%3Cpath d=&#039;M24,8v12H0V8H24z M24,4v1H0V4H24z&#039;\/%3E%3C\/svg%3E&quot;);\">\n\t\t\t<span class=\"elementor-divider-separator\">\n\t\t\t\t\t\t<\/span>\n\t\t<\/div>\n\t\t\t\t\t\t<\/div>\n\t\t\t\t<\/div>\n\t\t\t\t\t<\/div>\n\t\t<\/div>\n\t\t\t\t\t<\/div>\n\t\t<\/section>\n\t\t\t\t<section class=\"elementor-section elementor-top-section elementor-element elementor-element-020e7af elementor-section-boxed elementor-section-height-default elementor-section-height-default\" data-id=\"020e7af\" data-element_type=\"section\" data-e-type=\"section\">\n\t\t\t\t\t\t<div class=\"elementor-container elementor-column-gap-default\">\n\t\t\t\t\t<div class=\"elementor-column elementor-col-100 elementor-top-column elementor-element elementor-element-ea52889\" data-id=\"ea52889\" data-element_type=\"column\" data-e-type=\"column\">\n\t\t\t<div class=\"elementor-widget-wrap elementor-element-populated\">\n\t\t\t\t\t\t<div class=\"elementor-element elementor-element-ddc1ca6 elementor-widget elementor-widget-text-editor\" data-id=\"ddc1ca6\" data-element_type=\"widget\" data-e-type=\"widget\" data-widget_type=\"text-editor.default\">\n\t\t\t\t<div class=\"elementor-widget-container\">\n\t\t\t\t\t\t\t\t\t<h3 style=\"margin-bottom: 0px; text-align: center;\">You wish to be accompanied by La RDE?<\/h3><p style=\"margin-bottom: 0px;\">\u00a0<\/p>\t\t\t\t\t\t\t\t<\/div>\n\t\t\t\t<\/div>\n\t\t\t\t<div class=\"elementor-element elementor-element-95436d4 elementor-align-center elementor-widget elementor-widget-button\" data-id=\"95436d4\" data-element_type=\"widget\" data-e-type=\"widget\" data-widget_type=\"button.default\">\n\t\t\t\t<div class=\"elementor-widget-container\">\n\t\t\t\t\t\t\t\t\t<div class=\"elementor-button-wrapper\">\n\t\t\t\t\t<a class=\"elementor-button elementor-button-link elementor-size-sm\" href=\"https:\/\/entrepreneursenegal.com\/en\/contact\/\">\n\t\t\t\t\t\t<span class=\"elementor-button-content-wrapper\">\n\t\t\t\t\t\t\t\t\t<span class=\"elementor-button-text\">Let's Talk<\/span>\n\t\t\t\t\t<\/span>\n\t\t\t\t\t<\/a>\n\t\t\t\t<\/div>\n\t\t\t\t\t\t\t\t<\/div>\n\t\t\t\t<\/div>\n\t\t\t\t\t<\/div>\n\t\t<\/div>\n\t\t\t\t\t<\/div>\n\t\t<\/section>\n\t\t\t\t<section class=\"elementor-section elementor-top-section elementor-element elementor-element-fd82b1a elementor-section-content-middle elementor-section-boxed elementor-section-height-default elementor-section-height-default\" data-id=\"fd82b1a\" data-element_type=\"section\" data-e-type=\"section\">\n\t\t\t\t\t\t<div class=\"elementor-container elementor-column-gap-no\">\n\t\t\t\t\t<div class=\"elementor-column elementor-col-50 elementor-top-column elementor-element elementor-element-056e88e\" data-id=\"056e88e\" data-element_type=\"column\" data-e-type=\"column\" data-settings=\"{&quot;background_background&quot;:&quot;classic&quot;}\">\n\t\t\t<div class=\"elementor-widget-wrap elementor-element-populated\">\n\t\t\t\t\t\t<div class=\"elementor-element elementor-element-4038317 elementor-widget elementor-widget-heading\" data-id=\"4038317\" data-element_type=\"widget\" data-e-type=\"widget\" data-widget_type=\"heading.default\">\n\t\t\t\t<div class=\"elementor-widget-container\">\n\t\t\t\t\t<h4 class=\"elementor-heading-title elementor-size-default\">Find us on social medias<\/h4>\t\t\t\t<\/div>\n\t\t\t\t<\/div>\n\t\t\t\t<div class=\"elementor-element elementor-element-30d166e elementor-widget elementor-widget-text-editor\" data-id=\"30d166e\" data-element_type=\"widget\" data-e-type=\"widget\" data-widget_type=\"text-editor.default\">\n\t\t\t\t<div class=\"elementor-widget-container\">\n\t\t\t\t\t\t\t\t\t<p><span style=\"color: #ffffff;\">To keep up to date with our news, visit our various social networks.<\/span><\/p>\t\t\t\t\t\t\t\t<\/div>\n\t\t\t\t<\/div>\n\t\t\t\t\t<\/div>\n\t\t<\/div>\n\t\t\t\t<div class=\"elementor-column elementor-col-50 elementor-top-column elementor-element elementor-element-69fef23\" data-id=\"69fef23\" data-element_type=\"column\" data-e-type=\"column\" data-settings=\"{&quot;background_background&quot;:&quot;classic&quot;}\">\n\t\t\t<div class=\"elementor-widget-wrap elementor-element-populated\">\n\t\t\t\t\t\t<div class=\"elementor-element elementor-element-cf76532 elementor-shape-circle elementor-grid-0 e-grid-align-center elementor-widget elementor-widget-social-icons\" data-id=\"cf76532\" data-element_type=\"widget\" data-e-type=\"widget\" data-widget_type=\"social-icons.default\">\n\t\t\t\t<div class=\"elementor-widget-container\">\n\t\t\t\t\t\t\t<div class=\"elementor-social-icons-wrapper elementor-grid\" role=\"list\">\n\t\t\t\t\t\t\t<span class=\"elementor-grid-item\" role=\"listitem\">\n\t\t\t\t\t<a class=\"elementor-icon elementor-social-icon elementor-social-icon-facebook-f elementor-repeater-item-72f6e4b\" href=\"https:\/\/www.facebook.com\/RDEDakar\" target=\"_blank\">\n\t\t\t\t\t\t<span class=\"elementor-screen-only\">Facebook-f<\/span>\n\t\t\t\t\t\t<i aria-hidden=\"true\" class=\"fab fa-facebook-f\"><\/i>\t\t\t\t\t<\/a>\n\t\t\t\t<\/span>\n\t\t\t\t\t\t\t<span class=\"elementor-grid-item\" role=\"listitem\">\n\t\t\t\t\t<a class=\"elementor-icon elementor-social-icon elementor-social-icon-x-twitter elementor-repeater-item-73f8653\" href=\"https:\/\/twitter.com\/RDEDakar\" target=\"_blank\">\n\t\t\t\t\t\t<span class=\"elementor-screen-only\">X-twitter<\/span>\n\t\t\t\t\t\t<i aria-hidden=\"true\" class=\"fab fa-x-twitter\"><\/i>\t\t\t\t\t<\/a>\n\t\t\t\t<\/span>\n\t\t\t\t\t\t\t<span class=\"elementor-grid-item\" role=\"listitem\">\n\t\t\t\t\t<a class=\"elementor-icon elementor-social-icon elementor-social-icon-linkedin elementor-repeater-item-c4716e8\" href=\"https:\/\/www.linkedin.com\/in\/rdedakar\/\" target=\"_blank\">\n\t\t\t\t\t\t<span class=\"elementor-screen-only\">Linkedin<\/span>\n\t\t\t\t\t\t<i aria-hidden=\"true\" class=\"fab fa-linkedin\"><\/i>\t\t\t\t\t<\/a>\n\t\t\t\t<\/span>\n\t\t\t\t\t<\/div>\n\t\t\t\t\t\t<\/div>\n\t\t\t\t<\/div>\n\t\t\t\t<div class=\"elementor-element elementor-element-d3cbd4e elementor-widget elementor-widget-heading\" data-id=\"d3cbd4e\" data-element_type=\"widget\" data-e-type=\"widget\" data-widget_type=\"heading.default\">\n\t\t\t\t<div class=\"elementor-widget-container\">\n\t\t\t\t\t<h2 class=\"elementor-heading-title elementor-size-default\">@RDEDAKAR<\/h2>\t\t\t\t<\/div>\n\t\t\t\t<\/div>\n\t\t\t\t\t<\/div>\n\t\t<\/div>\n\t\t\t\t\t<\/div>\n\t\t<\/section>\n\t\t\t\t<\/div>","protected":false},"excerpt":{"rendered":"<p>LEV\u00e9e DE FONDS (Formule ELITE uniquement) Pr\u00e9parez-vous \u00e0 s\u00e9duire les investisseurs. Lever des fonds ne s\u2019improvise pas : cela se construit. RDE vous accompagne de A \u00e0 Z dans cette<span class=\"excerpt-hellip\"> [\u2026]<\/span><\/p>\n","protected":false},"author":1,"featured_media":0,"parent":0,"menu_order":0,"comment_status":"closed","ping_status":"closed","template":"","meta":{"footnotes":""},"class_list":["post-4150","page","type-page","status-publish","hentry"],"yoast_head":"<!-- This site is optimized with the Yoast SEO plugin v27.6 - https:\/\/yoast.com\/product\/yoast-seo-wordpress\/ -->\n<title>Lev\u00e9e de Fonds - Entrepreneur S\u00e9n\u00e9gal<\/title>\n<meta name=\"robots\" content=\"index, follow, max-snippet:-1, max-image-preview:large, max-video-preview:-1\" \/>\n<link rel=\"canonical\" href=\"https:\/\/entrepreneursenegal.com\/en\/levee-de-fonds-2\/\" \/>\n<meta property=\"og:locale\" content=\"en_US\" \/>\n<meta property=\"og:type\" content=\"article\" \/>\n<meta property=\"og:title\" content=\"Lev\u00e9e de Fonds - Entrepreneur S\u00e9n\u00e9gal\" \/>\n<meta property=\"og:description\" content=\"LEV\u00e9e DE FONDS (Formule ELITE uniquement) Pr\u00e9parez-vous \u00e0 s\u00e9duire les investisseurs. Lever des fonds ne s\u2019improvise pas : cela se construit. RDE vous accompagne de A \u00e0 Z dans cette [\u2026]\" \/>\n<meta property=\"og:url\" content=\"https:\/\/entrepreneursenegal.com\/en\/levee-de-fonds-2\/\" \/>\n<meta property=\"og:site_name\" content=\"Entrepreneur S\u00e9n\u00e9gal\" \/>\n<meta property=\"article:publisher\" content=\"https:\/\/www.facebook.com\/RDEDakar\" \/>\n<meta property=\"article:modified_time\" content=\"2025-08-30T17:59:33+00:00\" \/>\n<meta name=\"twitter:card\" content=\"summary_large_image\" \/>\n<meta name=\"twitter:site\" content=\"@RDEDakar\" \/>\n<meta name=\"twitter:label1\" content=\"Est. reading time\" \/>\n\t<meta name=\"twitter:data1\" content=\"1 minute\" \/>\n<script type=\"application\/ld+json\" class=\"yoast-schema-graph\">{\"@context\":\"https:\\\/\\\/schema.org\",\"@graph\":[{\"@type\":\"WebPage\",\"@id\":\"https:\\\/\\\/entrepreneursenegal.com\\\/levee-de-fonds-2\\\/\",\"url\":\"https:\\\/\\\/entrepreneursenegal.com\\\/levee-de-fonds-2\\\/\",\"name\":\"Lev\u00e9e de Fonds - Entrepreneur S\u00e9n\u00e9gal\",\"isPartOf\":{\"@id\":\"https:\\\/\\\/entrepreneursenegal.com\\\/#website\"},\"datePublished\":\"2025-06-03T05:21:53+00:00\",\"dateModified\":\"2025-08-30T17:59:33+00:00\",\"breadcrumb\":{\"@id\":\"https:\\\/\\\/entrepreneursenegal.com\\\/levee-de-fonds-2\\\/#breadcrumb\"},\"inLanguage\":\"en-US\",\"potentialAction\":[{\"@type\":\"ReadAction\",\"target\":[\"https:\\\/\\\/entrepreneursenegal.com\\\/levee-de-fonds-2\\\/\"]}]},{\"@type\":\"BreadcrumbList\",\"@id\":\"https:\\\/\\\/entrepreneursenegal.com\\\/levee-de-fonds-2\\\/#breadcrumb\",\"itemListElement\":[{\"@type\":\"ListItem\",\"position\":1,\"name\":\"Accueil\",\"item\":\"https:\\\/\\\/entrepreneursenegal.com\\\/\"},{\"@type\":\"ListItem\",\"position\":2,\"name\":\"Lev\u00e9e de Fonds\"}]},{\"@type\":\"WebSite\",\"@id\":\"https:\\\/\\\/entrepreneursenegal.com\\\/#website\",\"url\":\"https:\\\/\\\/entrepreneursenegal.com\\\/\",\"name\":\"Entrepreneur S\u00e9n\u00e9gal\",\"description\":\"Pour des entrepreneurs par des entrepreneurs\",\"publisher\":{\"@id\":\"https:\\\/\\\/entrepreneursenegal.com\\\/#organization\"},\"potentialAction\":[{\"@type\":\"SearchAction\",\"target\":{\"@type\":\"EntryPoint\",\"urlTemplate\":\"https:\\\/\\\/entrepreneursenegal.com\\\/?s={search_term_string}\"},\"query-input\":{\"@type\":\"PropertyValueSpecification\",\"valueRequired\":true,\"valueName\":\"search_term_string\"}}],\"inLanguage\":\"en-US\"},{\"@type\":\"Organization\",\"@id\":\"https:\\\/\\\/entrepreneursenegal.com\\\/#organization\",\"name\":\"Rencontre des entrepreneurs\",\"url\":\"https:\\\/\\\/entrepreneursenegal.com\\\/\",\"logo\":{\"@type\":\"ImageObject\",\"inLanguage\":\"en-US\",\"@id\":\"https:\\\/\\\/entrepreneursenegal.com\\\/#\\\/schema\\\/logo\\\/image\\\/\",\"url\":\"https:\\\/\\\/entrepreneursenegal.com\\\/wp-content\\\/uploads\\\/2022\\\/02\\\/telechargement.png\",\"contentUrl\":\"https:\\\/\\\/entrepreneursenegal.com\\\/wp-content\\\/uploads\\\/2022\\\/02\\\/telechargement.png\",\"width\":417,\"height\":154,\"caption\":\"Rencontre des entrepreneurs\"},\"image\":{\"@id\":\"https:\\\/\\\/entrepreneursenegal.com\\\/#\\\/schema\\\/logo\\\/image\\\/\"},\"sameAs\":[\"https:\\\/\\\/www.facebook.com\\\/RDEDakar\",\"https:\\\/\\\/x.com\\\/RDEDakar\",\"https:\\\/\\\/www.linkedin.com\\\/company\\\/69477859\"]}]}<\/script>\n<!-- \/ Yoast SEO plugin. -->","yoast_head_json":{"title":"Lev\u00e9e de Fonds - Entrepreneur S\u00e9n\u00e9gal","robots":{"index":"index","follow":"follow","max-snippet":"max-snippet:-1","max-image-preview":"max-image-preview:large","max-video-preview":"max-video-preview:-1"},"canonical":"https:\/\/entrepreneursenegal.com\/en\/levee-de-fonds-2\/","og_locale":"en_US","og_type":"article","og_title":"Lev\u00e9e de Fonds - Entrepreneur S\u00e9n\u00e9gal","og_description":"LEV\u00e9e DE FONDS (Formule ELITE uniquement) Pr\u00e9parez-vous \u00e0 s\u00e9duire les investisseurs. Lever des fonds ne s\u2019improvise pas : cela se construit. RDE vous accompagne de A \u00e0 Z dans cette [\u2026]","og_url":"https:\/\/entrepreneursenegal.com\/en\/levee-de-fonds-2\/","og_site_name":"Entrepreneur S\u00e9n\u00e9gal","article_publisher":"https:\/\/www.facebook.com\/RDEDakar","article_modified_time":"2025-08-30T17:59:33+00:00","twitter_card":"summary_large_image","twitter_site":"@RDEDakar","twitter_misc":{"Est. reading time":"1 minute"},"schema":{"@context":"https:\/\/schema.org","@graph":[{"@type":"WebPage","@id":"https:\/\/entrepreneursenegal.com\/levee-de-fonds-2\/","url":"https:\/\/entrepreneursenegal.com\/levee-de-fonds-2\/","name":"Lev\u00e9e de Fonds - Entrepreneur S\u00e9n\u00e9gal","isPartOf":{"@id":"https:\/\/entrepreneursenegal.com\/#website"},"datePublished":"2025-06-03T05:21:53+00:00","dateModified":"2025-08-30T17:59:33+00:00","breadcrumb":{"@id":"https:\/\/entrepreneursenegal.com\/levee-de-fonds-2\/#breadcrumb"},"inLanguage":"en-US","potentialAction":[{"@type":"ReadAction","target":["https:\/\/entrepreneursenegal.com\/levee-de-fonds-2\/"]}]},{"@type":"BreadcrumbList","@id":"https:\/\/entrepreneursenegal.com\/levee-de-fonds-2\/#breadcrumb","itemListElement":[{"@type":"ListItem","position":1,"name":"Accueil","item":"https:\/\/entrepreneursenegal.com\/"},{"@type":"ListItem","position":2,"name":"Lev\u00e9e de Fonds"}]},{"@type":"WebSite","@id":"https:\/\/entrepreneursenegal.com\/#website","url":"https:\/\/entrepreneursenegal.com\/","name":"Entrepreneur S\u00e9n\u00e9gal","description":"Pour des entrepreneurs par des entrepreneurs","publisher":{"@id":"https:\/\/entrepreneursenegal.com\/#organization"},"potentialAction":[{"@type":"SearchAction","target":{"@type":"EntryPoint","urlTemplate":"https:\/\/entrepreneursenegal.com\/?s={search_term_string}"},"query-input":{"@type":"PropertyValueSpecification","valueRequired":true,"valueName":"search_term_string"}}],"inLanguage":"en-US"},{"@type":"Organization","@id":"https:\/\/entrepreneursenegal.com\/#organization","name":"Rencontre des entrepreneurs","url":"https:\/\/entrepreneursenegal.com\/","logo":{"@type":"ImageObject","inLanguage":"en-US","@id":"https:\/\/entrepreneursenegal.com\/#\/schema\/logo\/image\/","url":"https:\/\/entrepreneursenegal.com\/wp-content\/uploads\/2022\/02\/telechargement.png","contentUrl":"https:\/\/entrepreneursenegal.com\/wp-content\/uploads\/2022\/02\/telechargement.png","width":417,"height":154,"caption":"Rencontre des entrepreneurs"},"image":{"@id":"https:\/\/entrepreneursenegal.com\/#\/schema\/logo\/image\/"},"sameAs":["https:\/\/www.facebook.com\/RDEDakar","https:\/\/x.com\/RDEDakar","https:\/\/www.linkedin.com\/company\/69477859"]}]}},"_links":{"self":[{"href":"https:\/\/entrepreneursenegal.com\/en\/wp-json\/wp\/v2\/pages\/4150","targetHints":{"allow":["GET"]}}],"collection":[{"href":"https:\/\/entrepreneursenegal.com\/en\/wp-json\/wp\/v2\/pages"}],"about":[{"href":"https:\/\/entrepreneursenegal.com\/en\/wp-json\/wp\/v2\/types\/page"}],"author":[{"embeddable":true,"href":"https:\/\/entrepreneursenegal.com\/en\/wp-json\/wp\/v2\/users\/1"}],"replies":[{"embeddable":true,"href":"https:\/\/entrepreneursenegal.com\/en\/wp-json\/wp\/v2\/comments?post=4150"}],"version-history":[{"count":16,"href":"https:\/\/entrepreneursenegal.com\/en\/wp-json\/wp\/v2\/pages\/4150\/revisions"}],"predecessor-version":[{"id":4573,"href":"https:\/\/entrepreneursenegal.com\/en\/wp-json\/wp\/v2\/pages\/4150\/revisions\/4573"}],"wp:attachment":[{"href":"https:\/\/entrepreneursenegal.com\/en\/wp-json\/wp\/v2\/media?parent=4150"}],"curies":[{"name":"wp","href":"https:\/\/api.w.org\/{rel}","templated":true}]}}